{"id":264,"date":"2024-08-13T18:51:29","date_gmt":"2024-08-13T21:51:29","guid":{"rendered":"https:\/\/cremaweb.com.ar\/icecream\/?page_id=264"},"modified":"2024-09-16T16:10:59","modified_gmt":"2024-09-16T19:10:59","slug":"gastronomia","status":"publish","type":"page","link":"https:\/\/www.icecream.com.ar\/site\/gastronomia\/","title":{"rendered":"Gastronomia"},"content":{"rendered":"\t\t<div data-elementor-type=\"wp-page\" data-elementor-id=\"264\" class=\"elementor elementor-264\" data-elementor-post-type=\"page\">\n\t\t\t\t<div class=\"elementor-element elementor-element-2a763f7 e-grid e-con-boxed e-con e-parent\" data-id=\"2a763f7\" data-element_type=\"container\" data-settings=\"{&quot;background_background&quot;:&quot;classic&quot;}\">\n\t\t\t\t\t<div class=\"e-con-inner\">\n\t\t\t\t<div class=\"elementor-element elementor-element-4cb4aa3 elementor-widget elementor-widget-image\" data-id=\"4cb4aa3\" data-element_type=\"widget\" data-widget_type=\"image.default\">\n\t\t\t\t<div class=\"elementor-widget-container\">\n\t\t\t\t\t\t\t\t\t\t\t\t\t\t\t<img fetchpriority=\"high\" decoding=\"async\" width=\"662\" height=\"914\" src=\"https:\/\/www.icecream.com.ar\/site\/wp-content\/uploads\/2024\/08\/banner-2-gastronomia-1.png\" class=\"attachment-large size-large wp-image-440\" alt=\"\" srcset=\"https:\/\/www.icecream.com.ar\/site\/wp-content\/uploads\/2024\/08\/banner-2-gastronomia-1.png 662w, https:\/\/www.icecream.com.ar\/site\/wp-content\/uploads\/2024\/08\/banner-2-gastronomia-1-217x300.png 217w\" sizes=\"(max-width: 662px) 100vw, 662px\" \/>\t\t\t\t\t\t\t\t\t\t\t\t\t\t\t<\/div>\n\t\t\t\t<\/div>\n\t\t\t\t<div class=\"elementor-element elementor-element-5aa9727 elementor-widget elementor-widget-image\" data-id=\"5aa9727\" data-element_type=\"widget\" data-widget_type=\"image.default\">\n\t\t\t\t<div class=\"elementor-widget-container\">\n\t\t\t\t\t\t\t\t\t\t\t\t\t\t\t<img decoding=\"async\" width=\"738\" height=\"914\" src=\"https:\/\/www.icecream.com.ar\/site\/wp-content\/uploads\/2024\/08\/banner-3-gastronomia-1.png\" class=\"attachment-large size-large wp-image-441\" alt=\"\" srcset=\"https:\/\/www.icecream.com.ar\/site\/wp-content\/uploads\/2024\/08\/banner-3-gastronomia-1.png 738w, https:\/\/www.icecream.com.ar\/site\/wp-content\/uploads\/2024\/08\/banner-3-gastronomia-1-242x300.png 242w\" sizes=\"(max-width: 738px) 100vw, 738px\" \/>\t\t\t\t\t\t\t\t\t\t\t\t\t\t\t<\/div>\n\t\t\t\t<\/div>\n\t\t\t\t\t<\/div>\n\t\t\t\t<\/div>\n\t\t<div class=\"elementor-element elementor-element-a4150d7 e-flex e-con-boxed e-con e-parent\" data-id=\"a4150d7\" data-element_type=\"container\" id=\"individuales\">\n\t\t\t\t\t<div class=\"e-con-inner\">\n\t\t\t\t<div class=\"elementor-element elementor-element-050f5b5 elementor-widget elementor-widget-heading\" data-id=\"050f5b5\" data-element_type=\"widget\" data-widget_type=\"heading.default\">\n\t\t\t\t<div class=\"elementor-widget-container\">\n\t\t\t\t\t<h2 class=\"elementor-heading-title elementor-size-default\">INDIVIDUALES<\/h2>\t\t\t\t<\/div>\n\t\t\t\t<\/div>\n\t\t\t\t<div class=\"elementor-element elementor-element-e8e0e66 elementor-widget elementor-widget-shortcode\" data-id=\"e8e0e66\" data-element_type=\"widget\" data-widget_type=\"shortcode.default\">\n\t\t\t\t<div class=\"elementor-widget-container\">\n\t\t\t\t\t\t\t<div class=\"elementor-shortcode\"><div class=\"product-grid\"><div class=\"product-item\" style=\"border-right: 3px solid #9fb7aa; border-bottom: 3px solid #9fb7aa\"><img decoding=\"async\" src=\"https:\/\/www.icecream.com.ar\/site\/wp-content\/uploads\/2024\/08\/1_Individuales.-Alfajor-helado-vainilla-2.png\"><div class=\"icons-container\"><img decoding=\"async\" src=\"https:\/\/www.icecream.com.ar\/site\/wp-content\/uploads\/2024\/08\/sin_gluten_legal-01.png\" class=\"sin-gluten-icon\"><\/div><div class=\"info-container\" style=\"background-color:#9fb7aa\"><div class=\"info-content\"><div class=\"info-image\"><div class=\"image-carousel\"><div class=\"carousel-item active\"><img decoding=\"async\" src=\"https:\/\/www.icecream.com.ar\/site\/wp-content\/uploads\/2024\/08\/1_Individuales.-plaquita-Alfajor-helado.png\"><\/div><\/div><\/div><div class=\"info-text\"><h3 style=\"color: #000000\">ALFAJOR<\/h3><div class=\"info-text-inner\"><div style=\"color:#000000!important\"><p>Crema helada sabor a vainilla rellena con dulce de leche recubierta con ba\u00f1o de reposter\u00eda libre de gluten.<\/p>\n<\/div><div style=\"color:#000000!important\"><p>Unidades por caja: 20<br \/>\nPeso neto: 120cc-75<\/p>\n<\/div><\/div><\/div><\/div><\/div><\/div><div class=\"product-item\" style=\"border-right: 3px solid #9fb7aa; border-bottom: 3px solid #9fb7aa\"><img decoding=\"async\" src=\"https:\/\/www.icecream.com.ar\/site\/wp-content\/uploads\/2024\/08\/2_Individuales.-Almendrado-1.png\"><div class=\"icons-container\"><img decoding=\"async\" src=\"https:\/\/www.icecream.com.ar\/site\/wp-content\/uploads\/2024\/08\/sin_gluten_legal-01.png\" class=\"sin-gluten-icon\"><\/div><div class=\"info-container\" style=\"background-color:#9fb7aa\"><div class=\"info-content\"><div class=\"info-image\"><div class=\"image-carousel\"><div class=\"carousel-item active\"><img decoding=\"async\" src=\"https:\/\/www.icecream.com.ar\/site\/wp-content\/uploads\/2024\/08\/2_Individuales.-plaquita-Almendrado.png\"><\/div><\/div><\/div><div class=\"info-text\"><h3 style=\"color: #000000\">BOMB\u00d3N ESCOC\u00c9S<\/h3><div class=\"info-text-inner\"><div style=\"color:#000000!important\"><p>Crema helada de chocolate y americana rellena con dulce de leche recubierta con ba\u00f1o de reposter\u00eda y crocante de man\u00ed libre de gluten.<\/p>\n<\/div><div style=\"color:#000000!important\"><p>Unidades por caja: 18<br \/>\nPeso neto: 150cc-92g<\/p>\n<\/div><\/div><\/div><\/div><\/div><\/div><div class=\"product-item\" style=\"border-right: 3px solid #9fb7aa; border-bottom: 3px solid #9fb7aa\"><img decoding=\"async\" src=\"https:\/\/www.icecream.com.ar\/site\/wp-content\/uploads\/2024\/08\/3_Individuales.-Almendrado-1.png\"><div class=\"icons-container\"><img decoding=\"async\" src=\"https:\/\/www.icecream.com.ar\/site\/wp-content\/uploads\/2024\/08\/sin_gluten_legal-01.png\" class=\"sin-gluten-icon\"><\/div><div class=\"info-container\" style=\"background-color:#9fb7aa\"><div class=\"info-content\"><div class=\"info-image\"><div class=\"image-carousel\"><div class=\"carousel-item active\"><img decoding=\"async\" src=\"https:\/\/www.icecream.com.ar\/site\/wp-content\/uploads\/2024\/08\/3_Individuales.-plaquita-Almendrado.png\"><\/div><\/div><\/div><div class=\"info-text\"><h3 style=\"color: #000000\">ALMENDRADO<\/h3><div class=\"info-text-inner\"><div style=\"color:#000000!important\"><p>Crema helada sabor vainilla con acaramelado de almendras y man\u00ed libre de gluten.<\/p>\n<\/div><div style=\"color:#000000!important\"><p>Unidades por caja: 24<br \/>\nPeso neto: 140cc-100g<\/p>\n<\/div><\/div><\/div><\/div><\/div><\/div><div class=\"product-item\" style=\"border-right: 3px solid #9fb7aa; border-bottom: 3px solid #9fb7aa\"><img decoding=\"async\" src=\"https:\/\/www.icecream.com.ar\/site\/wp-content\/uploads\/2024\/08\/4_Individuales.-Mixto-2.png\"><div class=\"icons-container\"><img decoding=\"async\" src=\"https:\/\/www.icecream.com.ar\/site\/wp-content\/uploads\/2024\/08\/sin_gluten_legal-01.png\" class=\"sin-gluten-icon\"><\/div><div class=\"info-container\" style=\"background-color:#9fb7aa\"><div class=\"info-content\"><div class=\"info-image\"><div class=\"image-carousel\"><div class=\"carousel-item active\"><img decoding=\"async\" src=\"https:\/\/www.icecream.com.ar\/site\/wp-content\/uploads\/2024\/08\/4_Individuales.-plaquita-Mixto.png\"><\/div><\/div><\/div><div class=\"info-text\"><h3 style=\"color: #000000\">Mixto (Chocolate-Vainilla-Frutilla)<\/h3><div class=\"info-text-inner\"><div style=\"color:#000000!important\"><p>Crema helada de chocolate sabor a vainilla y sabor a frutilla libre de gluten.<\/p>\n<\/div><div style=\"color:#000000!important\"><p>Unidades por caja: 24<br \/>\nPeso neto: 140cc-100g<\/p>\n<\/div><\/div><\/div><\/div><\/div><\/div><div class=\"product-item\" style=\"border-right: 3px solid #9fb7aa; border-bottom: 3px solid #9fb7aa\"><img decoding=\"async\" src=\"https:\/\/www.icecream.com.ar\/site\/wp-content\/uploads\/2024\/08\/5_Individuales.-Bombon-suizo-1.png\"><div class=\"icons-container\"><img decoding=\"async\" src=\"https:\/\/www.icecream.com.ar\/site\/wp-content\/uploads\/2024\/08\/sin_gluten_legal-01.png\" class=\"sin-gluten-icon\"><\/div><div class=\"info-container\" style=\"background-color:#9fb7aa\"><div class=\"info-content\"><div class=\"info-image\"><div class=\"image-carousel\"><div class=\"carousel-item active\"><img decoding=\"async\" src=\"https:\/\/www.icecream.com.ar\/site\/wp-content\/uploads\/2024\/08\/5_Individuales.-plaquita-Bombon-suizo-1.png\"><\/div><\/div><\/div><div class=\"info-text\"><h3 style=\"color: #000000\">BOMB\u00d3N SUIZO<\/h3><div class=\"info-text-inner\"><div style=\"color:#000000!important\"><p>Crema helada de dulce de leche y crema helada sabor americana recubiertas con ba\u00f1o de reposter\u00eda libre de gluten.<\/p>\n<\/div><div style=\"color:#000000!important\"><p>Unidades por caja: 21<br \/>\nPeso neto: 150 cc-92 g<\/p>\n<\/div><\/div><\/div><\/div><\/div><\/div><\/div><script>\n        document.querySelectorAll(\".product-item\").forEach(item => {\n            const bullets = item.querySelectorAll(\".carousel-bullet\");\n            const images = item.querySelectorAll(\".carousel-item\");\n        \n            bullets.forEach((bullet, index) => {\n                bullet.addEventListener(\"click\", () => {\n                    images.forEach((img, i) => {\n                        img.classList.toggle(\"active\", i === index);\n                    });\n                    bullets.forEach(b => b.classList.remove(\"active\"));\n                    bullet.classList.add(\"active\");\n                });\n            });\n        });\n    <\/script><\/div>\n\t\t\t\t\t\t<\/div>\n\t\t\t\t<\/div>\n\t\t\t\t\t<\/div>\n\t\t\t\t<\/div>\n\t\t<div class=\"elementor-element elementor-element-97e7d2e e-flex e-con-boxed e-con e-parent\" data-id=\"97e7d2e\" data-element_type=\"container\" id=\"heladerias\">\n\t\t\t\t\t<div class=\"e-con-inner\">\n\t\t\t\t<div class=\"elementor-element elementor-element-0a45ed9 elementor-widget elementor-widget-heading\" data-id=\"0a45ed9\" data-element_type=\"widget\" data-widget_type=\"heading.default\">\n\t\t\t\t<div class=\"elementor-widget-container\">\n\t\t\t\t\t<h2 class=\"elementor-heading-title elementor-size-default\">HELADER\u00cdAS<\/h2>\t\t\t\t<\/div>\n\t\t\t\t<\/div>\n\t\t\t\t<div class=\"elementor-element elementor-element-ae617c6 elementor-widget elementor-widget-shortcode\" data-id=\"ae617c6\" data-element_type=\"widget\" data-widget_type=\"shortcode.default\">\n\t\t\t\t<div class=\"elementor-widget-container\">\n\t\t\t\t\t\t\t<div class=\"elementor-shortcode\"><div class=\"product-grid\"><div class=\"product-item\" style=\"border-right: 3px solid #9fb7aa; border-bottom: 3px solid #9fb7aa\"><img decoding=\"async\" src=\"https:\/\/www.icecream.com.ar\/site\/wp-content\/uploads\/2024\/09\/1_Heladerias.-Frutales.png\"><div class=\"icons-container\"><\/div><div class=\"info-container\" style=\"background-color:#9fb7aa\"><div class=\"info-content\"><div class=\"info-image\"><div class=\"image-carousel\"><div class=\"carousel-item active\"><img decoding=\"async\" src=\"https:\/\/www.icecream.com.ar\/site\/wp-content\/uploads\/2024\/09\/1_PLAQUITA-Heladerias.-Frutales.png\"><\/div><\/div><\/div><div class=\"info-text\"><h3 style=\"color: #000000\">Sabores de frutas<\/h3><div class=\"info-text-inner\"><div style=\"color:#000000!important\"><p>10 litros \/ 1 unidad<\/p>\n<p>Mousse de lim\u00f3n<\/p>\n<p>Frutilla<\/p>\n<p>Frutilla especial<\/p>\n<p>Frutos del bosque<\/p>\n<p>Banana<\/p>\n<p>Banana con dulce de leche<\/p>\n<p>Cereza especial<\/p>\n<p>Lim\u00f3n<\/p>\n<p>Frutilla<\/p>\n<\/div><div style=\"color:#000000!important\"><p>Anan\u00e1<\/p>\n<p>Frutos Rojos<\/p>\n<\/div><\/div><\/div><\/div><\/div><\/div><div class=\"product-item\" style=\"border-right: 3px solid #9fb7aa; border-bottom: 3px solid #9fb7aa\"><img decoding=\"async\" src=\"https:\/\/www.icecream.com.ar\/site\/wp-content\/uploads\/2024\/09\/2_Heladerias.-Sabores-a-la-crema.png\"><div class=\"icons-container\"><\/div><div class=\"info-container\" style=\"background-color:#9fb7aa\"><div class=\"info-content\"><div class=\"info-image\"><div class=\"image-carousel\"><div class=\"carousel-item active\"><img decoding=\"async\" src=\"https:\/\/www.icecream.com.ar\/site\/wp-content\/uploads\/2024\/09\/2_PLAQUITA-Heladerias.-Sabores-CREMA.png\"><\/div><\/div><\/div><div class=\"info-text\"><h3 style=\"color: #000000\">Sabores a la crema<\/h3><div class=\"info-text-inner\"><div style=\"color:#000000!important\"><p>10 litros\/ 1 unidad<\/p>\n<p>Crema Americana<\/p>\n<p>Vainilla<\/p>\n<p>Granizado<\/p>\n<p>Menta Granizada<\/p>\n<p>Cream and Cookies<\/p>\n<p>Crema Del Cielo<\/p>\n<p>Mascarpone con Frutos Rojos<\/p>\n<p>Mantecol<\/p>\n<p>Sambayon<\/p>\n<p>Tramontana<\/p>\n<p>Crema Rusa<\/p>\n<p>Almendrado<\/p>\n<p>Pistacho<\/p>\n<p>Tiramis\u00fa<\/p>\n<\/div><div style=\"color:#000000!important\"><p>Flan con dulce de leche<\/p>\n<p>Lemon Pie<\/p>\n<\/div><\/div><\/div><\/div><\/div><\/div><div class=\"product-item\" style=\"border-right: 3px solid #9fb7aa; border-bottom: 3px solid #9fb7aa\"><img decoding=\"async\" src=\"https:\/\/www.icecream.com.ar\/site\/wp-content\/uploads\/2024\/09\/3_Heladerias.-Sabores-de-chocolate.png\"><div class=\"icons-container\"><\/div><div class=\"info-container\" style=\"background-color:#9fb7aa\"><div class=\"info-content\"><div class=\"info-image\"><div class=\"image-carousel\"><div class=\"carousel-item active\"><img decoding=\"async\" src=\"https:\/\/www.icecream.com.ar\/site\/wp-content\/uploads\/2024\/09\/3_PLAQUITA-Heladerias.-Sabores-de-chocolate.png\"><\/div><\/div><\/div><div class=\"info-text\"><h3 style=\"color: #000000\">Sabores de chocolate<\/h3><div class=\"info-text-inner\"><div style=\"color:#000000!important\"><p>10 litros \/ 1 unidad<\/p>\n<p>Chocolate<\/p>\n<p>Chocolate Blanco<\/p>\n<p>Chocolate Suizo<\/p>\n<p>Chocolate con Almendras<\/p>\n<p>Chocotorta<\/p>\n<p>Chocolate Patag\u00f3nico<\/p>\n<\/div><div style=\"color:#000000!important\"><p>Chocolate Amargo<\/p>\n<p>Chocolate Marroc<\/p>\n<\/div><\/div><\/div><\/div><\/div><\/div><div class=\"product-item\" style=\"border-right: 3px solid #9fb7aa; border-bottom: 3px solid #9fb7aa\"><img decoding=\"async\" src=\"https:\/\/www.icecream.com.ar\/site\/wp-content\/uploads\/2024\/09\/4_Heladerias.-Sabores-de-dulce-de-leche.png\"><div class=\"icons-container\"><\/div><div class=\"info-container\" style=\"background-color:#9fb7aa\"><div class=\"info-content\"><div class=\"info-image\"><div class=\"image-carousel\"><div class=\"carousel-item active\"><img decoding=\"async\" src=\"https:\/\/www.icecream.com.ar\/site\/wp-content\/uploads\/2024\/09\/4_PLAQUITA-Heladerias.-Sabores-DE-DULCE-DE-LECHE.png\"><\/div><\/div><\/div><div class=\"info-text\"><h3 style=\"color: #000000\">Sabores de dulce de leche<\/h3><div class=\"info-text-inner\"><div style=\"color:#000000!important\"><p>10 litros \/ 1 unidad<\/p>\n<p>Dulce de leche<\/p>\n<p>Dulce de leche granizado<\/p>\n<\/div><div style=\"color:#000000!important\"><p>Dulce de leche bomb\u00f3n<\/p>\n<\/div><\/div><\/div><\/div><\/div><\/div><\/div><script>\n        document.querySelectorAll(\".product-item\").forEach(item => {\n            const bullets = item.querySelectorAll(\".carousel-bullet\");\n            const images = item.querySelectorAll(\".carousel-item\");\n        \n            bullets.forEach((bullet, index) => {\n                bullet.addEventListener(\"click\", () => {\n                    images.forEach((img, i) => {\n                        img.classList.toggle(\"active\", i === index);\n                    });\n                    bullets.forEach(b => b.classList.remove(\"active\"));\n                    bullet.classList.add(\"active\");\n                });\n            });\n        });\n    <\/script><\/div>\n\t\t\t\t\t\t<\/div>\n\t\t\t\t<\/div>\n\t\t\t\t\t<\/div>\n\t\t\t\t<\/div>\n\t\t\t\t<\/div>\n\t\t","protected":false},"excerpt":{"rendered":"<p>INDIVIDUALES HELADER\u00cdAS<\/p>\n","protected":false},"author":1,"featured_media":0,"parent":0,"menu_order":0,"comment_status":"closed","ping_status":"closed","template":"elementor_header_footer","meta":{"_acf_changed":false,"footnotes":""},"class_list":["post-264","page","type-page","status-publish","hentry"],"acf":[],"yoast_head":"<!-- This site is optimized with the Yoast SEO plugin v24.8.1 - https:\/\/yoast.com\/wordpress\/plugins\/seo\/ -->\n<title>Gastronomia - Ice Cream<\/title>\n<meta name=\"robots\" content=\"index, follow, max-snippet:-1, max-image-preview:large, max-video-preview:-1\" \/>\n<link rel=\"canonical\" href=\"https:\/\/www.icecream.com.ar\/site\/gastronomia\/\" \/>\n<meta property=\"og:locale\" content=\"es_ES\" \/>\n<meta property=\"og:type\" content=\"article\" \/>\n<meta property=\"og:title\" content=\"Gastronomia - Ice Cream\" \/>\n<meta property=\"og:description\" content=\"INDIVIDUALES HELADER\u00cdAS\" \/>\n<meta property=\"og:url\" content=\"https:\/\/www.icecream.com.ar\/site\/gastronomia\/\" \/>\n<meta property=\"og:site_name\" content=\"Ice Cream\" \/>\n<meta property=\"article:publisher\" content=\"https:\/\/www.facebook.com\/share\/Nbu3LfNYBrpoj6tc\/?mibextid=LQQJ4d\" \/>\n<meta property=\"article:modified_time\" content=\"2024-09-16T19:10:59+00:00\" \/>\n<meta property=\"og:image\" content=\"https:\/\/cremaweb.com.ar\/icecream\/wp-content\/uploads\/2024\/08\/banner-2-gastronomia-1.png\" \/>\n<meta name=\"twitter:card\" content=\"summary_large_image\" \/>\n<script type=\"application\/ld+json\" class=\"yoast-schema-graph\">{\"@context\":\"https:\/\/schema.org\",\"@graph\":[{\"@type\":\"WebPage\",\"@id\":\"https:\/\/www.icecream.com.ar\/site\/gastronomia\/\",\"url\":\"https:\/\/www.icecream.com.ar\/site\/gastronomia\/\",\"name\":\"Gastronomia - Ice Cream\",\"isPartOf\":{\"@id\":\"https:\/\/www.icecream.com.ar\/site\/#website\"},\"primaryImageOfPage\":{\"@id\":\"https:\/\/www.icecream.com.ar\/site\/gastronomia\/#primaryimage\"},\"image\":{\"@id\":\"https:\/\/www.icecream.com.ar\/site\/gastronomia\/#primaryimage\"},\"thumbnailUrl\":\"https:\/\/cremaweb.com.ar\/icecream\/wp-content\/uploads\/2024\/08\/banner-2-gastronomia-1.png\",\"datePublished\":\"2024-08-13T21:51:29+00:00\",\"dateModified\":\"2024-09-16T19:10:59+00:00\",\"breadcrumb\":{\"@id\":\"https:\/\/www.icecream.com.ar\/site\/gastronomia\/#breadcrumb\"},\"inLanguage\":\"es-AR\",\"potentialAction\":[{\"@type\":\"ReadAction\",\"target\":[\"https:\/\/www.icecream.com.ar\/site\/gastronomia\/\"]}]},{\"@type\":\"ImageObject\",\"inLanguage\":\"es-AR\",\"@id\":\"https:\/\/www.icecream.com.ar\/site\/gastronomia\/#primaryimage\",\"url\":\"https:\/\/cremaweb.com.ar\/icecream\/wp-content\/uploads\/2024\/08\/banner-2-gastronomia-1.png\",\"contentUrl\":\"https:\/\/cremaweb.com.ar\/icecream\/wp-content\/uploads\/2024\/08\/banner-2-gastronomia-1.png\"},{\"@type\":\"BreadcrumbList\",\"@id\":\"https:\/\/www.icecream.com.ar\/site\/gastronomia\/#breadcrumb\",\"itemListElement\":[{\"@type\":\"ListItem\",\"position\":1,\"name\":\"Inicio\",\"item\":\"https:\/\/www.icecream.com.ar\/site\/\"},{\"@type\":\"ListItem\",\"position\":2,\"name\":\"Gastronomia\"}]},{\"@type\":\"WebSite\",\"@id\":\"https:\/\/www.icecream.com.ar\/site\/#website\",\"url\":\"https:\/\/www.icecream.com.ar\/site\/\",\"name\":\"Ice Cream\",\"description\":\"Fabricamos y comercializamos cremas heladas\",\"publisher\":{\"@id\":\"https:\/\/www.icecream.com.ar\/site\/#organization\"},\"potentialAction\":[{\"@type\":\"SearchAction\",\"target\":{\"@type\":\"EntryPoint\",\"urlTemplate\":\"https:\/\/www.icecream.com.ar\/site\/?s={search_term_string}\"},\"query-input\":{\"@type\":\"PropertyValueSpecification\",\"valueRequired\":true,\"valueName\":\"search_term_string\"}}],\"inLanguage\":\"es-AR\"},{\"@type\":\"Organization\",\"@id\":\"https:\/\/www.icecream.com.ar\/site\/#organization\",\"name\":\"Ice Cream\",\"url\":\"https:\/\/www.icecream.com.ar\/site\/\",\"logo\":{\"@type\":\"ImageObject\",\"inLanguage\":\"es-AR\",\"@id\":\"https:\/\/www.icecream.com.ar\/site\/#\/schema\/logo\/image\/\",\"url\":\"https:\/\/www.icecream.com.ar\/site\/wp-content\/uploads\/2024\/07\/cropped-ice-cream.png\",\"contentUrl\":\"https:\/\/www.icecream.com.ar\/site\/wp-content\/uploads\/2024\/07\/cropped-ice-cream.png\",\"width\":77,\"height\":69,\"caption\":\"Ice Cream\"},\"image\":{\"@id\":\"https:\/\/www.icecream.com.ar\/site\/#\/schema\/logo\/image\/\"},\"sameAs\":[\"https:\/\/www.facebook.com\/share\/Nbu3LfNYBrpoj6tc\/?mibextid=LQQJ4d\"]}]}<\/script>\n<!-- \/ Yoast SEO plugin. -->","yoast_head_json":{"title":"Gastronomia - Ice Cream","robots":{"index":"index","follow":"follow","max-snippet":"max-snippet:-1","max-image-preview":"max-image-preview:large","max-video-preview":"max-video-preview:-1"},"canonical":"https:\/\/www.icecream.com.ar\/site\/gastronomia\/","og_locale":"es_ES","og_type":"article","og_title":"Gastronomia - Ice Cream","og_description":"INDIVIDUALES HELADER\u00cdAS","og_url":"https:\/\/www.icecream.com.ar\/site\/gastronomia\/","og_site_name":"Ice Cream","article_publisher":"https:\/\/www.facebook.com\/share\/Nbu3LfNYBrpoj6tc\/?mibextid=LQQJ4d","article_modified_time":"2024-09-16T19:10:59+00:00","og_image":[{"url":"https:\/\/cremaweb.com.ar\/icecream\/wp-content\/uploads\/2024\/08\/banner-2-gastronomia-1.png","type":"","width":"","height":""}],"twitter_card":"summary_large_image","schema":{"@context":"https:\/\/schema.org","@graph":[{"@type":"WebPage","@id":"https:\/\/www.icecream.com.ar\/site\/gastronomia\/","url":"https:\/\/www.icecream.com.ar\/site\/gastronomia\/","name":"Gastronomia - Ice Cream","isPartOf":{"@id":"https:\/\/www.icecream.com.ar\/site\/#website"},"primaryImageOfPage":{"@id":"https:\/\/www.icecream.com.ar\/site\/gastronomia\/#primaryimage"},"image":{"@id":"https:\/\/www.icecream.com.ar\/site\/gastronomia\/#primaryimage"},"thumbnailUrl":"https:\/\/cremaweb.com.ar\/icecream\/wp-content\/uploads\/2024\/08\/banner-2-gastronomia-1.png","datePublished":"2024-08-13T21:51:29+00:00","dateModified":"2024-09-16T19:10:59+00:00","breadcrumb":{"@id":"https:\/\/www.icecream.com.ar\/site\/gastronomia\/#breadcrumb"},"inLanguage":"es-AR","potentialAction":[{"@type":"ReadAction","target":["https:\/\/www.icecream.com.ar\/site\/gastronomia\/"]}]},{"@type":"ImageObject","inLanguage":"es-AR","@id":"https:\/\/www.icecream.com.ar\/site\/gastronomia\/#primaryimage","url":"https:\/\/cremaweb.com.ar\/icecream\/wp-content\/uploads\/2024\/08\/banner-2-gastronomia-1.png","contentUrl":"https:\/\/cremaweb.com.ar\/icecream\/wp-content\/uploads\/2024\/08\/banner-2-gastronomia-1.png"},{"@type":"BreadcrumbList","@id":"https:\/\/www.icecream.com.ar\/site\/gastronomia\/#breadcrumb","itemListElement":[{"@type":"ListItem","position":1,"name":"Inicio","item":"https:\/\/www.icecream.com.ar\/site\/"},{"@type":"ListItem","position":2,"name":"Gastronomia"}]},{"@type":"WebSite","@id":"https:\/\/www.icecream.com.ar\/site\/#website","url":"https:\/\/www.icecream.com.ar\/site\/","name":"Ice Cream","description":"Fabricamos y comercializamos cremas heladas","publisher":{"@id":"https:\/\/www.icecream.com.ar\/site\/#organization"},"potentialAction":[{"@type":"SearchAction","target":{"@type":"EntryPoint","urlTemplate":"https:\/\/www.icecream.com.ar\/site\/?s={search_term_string}"},"query-input":{"@type":"PropertyValueSpecification","valueRequired":true,"valueName":"search_term_string"}}],"inLanguage":"es-AR"},{"@type":"Organization","@id":"https:\/\/www.icecream.com.ar\/site\/#organization","name":"Ice Cream","url":"https:\/\/www.icecream.com.ar\/site\/","logo":{"@type":"ImageObject","inLanguage":"es-AR","@id":"https:\/\/www.icecream.com.ar\/site\/#\/schema\/logo\/image\/","url":"https:\/\/www.icecream.com.ar\/site\/wp-content\/uploads\/2024\/07\/cropped-ice-cream.png","contentUrl":"https:\/\/www.icecream.com.ar\/site\/wp-content\/uploads\/2024\/07\/cropped-ice-cream.png","width":77,"height":69,"caption":"Ice Cream"},"image":{"@id":"https:\/\/www.icecream.com.ar\/site\/#\/schema\/logo\/image\/"},"sameAs":["https:\/\/www.facebook.com\/share\/Nbu3LfNYBrpoj6tc\/?mibextid=LQQJ4d"]}]}},"_links":{"self":[{"href":"https:\/\/www.icecream.com.ar\/site\/wp-json\/wp\/v2\/pages\/264","targetHints":{"allow":["GET"]}}],"collection":[{"href":"https:\/\/www.icecream.com.ar\/site\/wp-json\/wp\/v2\/pages"}],"about":[{"href":"https:\/\/www.icecream.com.ar\/site\/wp-json\/wp\/v2\/types\/page"}],"author":[{"embeddable":true,"href":"https:\/\/www.icecream.com.ar\/site\/wp-json\/wp\/v2\/users\/1"}],"replies":[{"embeddable":true,"href":"https:\/\/www.icecream.com.ar\/site\/wp-json\/wp\/v2\/comments?post=264"}],"version-history":[{"count":43,"href":"https:\/\/www.icecream.com.ar\/site\/wp-json\/wp\/v2\/pages\/264\/revisions"}],"predecessor-version":[{"id":1177,"href":"https:\/\/www.icecream.com.ar\/site\/wp-json\/wp\/v2\/pages\/264\/revisions\/1177"}],"wp:attachment":[{"href":"https:\/\/www.icecream.com.ar\/site\/wp-json\/wp\/v2\/media?parent=264"}],"curies":[{"name":"wp","href":"https:\/\/api.w.org\/{rel}","templated":true}]}}