{"id":611,"date":"2024-08-30T13:53:46","date_gmt":"2024-08-30T16:53:46","guid":{"rendered":"https:\/\/cremaweb.com.ar\/icecream\/?page_id=611"},"modified":"2024-11-29T17:35:13","modified_gmt":"2024-11-29T20:35:13","slug":"historia","status":"publish","type":"page","link":"https:\/\/www.icecream.com.ar\/site\/historia\/","title":{"rendered":"Historia"},"content":{"rendered":"\t\t<div data-elementor-type=\"wp-page\" data-elementor-id=\"611\" class=\"elementor elementor-611\" data-elementor-post-type=\"page\">\n\t\t\t\t<div class=\"elementor-element elementor-element-1c4c573 e-con-full e-flex e-con e-parent\" data-id=\"1c4c573\" data-element_type=\"container\" data-settings=\"{&quot;background_background&quot;:&quot;classic&quot;}\">\n\t\t<div class=\"elementor-element elementor-element-a2cd712 e-con-full e-flex e-con e-child\" data-id=\"a2cd712\" data-element_type=\"container\">\n\t\t\t\t<div class=\"elementor-element elementor-element-e4bb87b elementor-widget elementor-widget-heading\" data-id=\"e4bb87b\" data-element_type=\"widget\" data-widget_type=\"heading.default\">\n\t\t\t\t<div class=\"elementor-widget-container\">\n\t\t\t\t\t<h2 class=\"elementor-heading-title elementor-size-default\">&gt;1986<\/h2>\t\t\t\t<\/div>\n\t\t\t\t<\/div>\n\t\t\t\t<div class=\"elementor-element elementor-element-bc34f09 elementor-widget elementor-widget-text-editor\" data-id=\"bc34f09\" data-element_type=\"widget\" data-widget_type=\"text-editor.default\">\n\t\t\t\t<div class=\"elementor-widget-container\">\n\t\t\t\t\t\t\t\t\t<p>Ice Cream se funda en el a\u00f1o 1986 por Ricardo P\u00e9rez. Inicia su actividad en una peque\u00f1a casa de 150m2 en el barrio porte\u00f1o de Villa Urquiza, elaborando helado a granel para abastecer principalmente a helader\u00edas y locales gastron\u00f3micos.\u00a0<\/p>\t\t\t\t\t\t\t\t<\/div>\n\t\t\t\t<\/div>\n\t\t\t\t<\/div>\n\t\t<div class=\"elementor-element elementor-element-f0e7519 e-con-full e-flex e-con e-child\" data-id=\"f0e7519\" data-element_type=\"container\">\n\t\t\t\t<div class=\"elementor-element elementor-element-c02f3f1 elementor-widget elementor-widget-heading\" data-id=\"c02f3f1\" data-element_type=\"widget\" data-widget_type=\"heading.default\">\n\t\t\t\t<div class=\"elementor-widget-container\">\n\t\t\t\t\t<h2 class=\"elementor-heading-title elementor-size-default\">&gt;1998<\/h2>\t\t\t\t<\/div>\n\t\t\t\t<\/div>\n\t\t\t\t<div class=\"elementor-element elementor-element-545af18 elementor-widget elementor-widget-text-editor\" data-id=\"545af18\" data-element_type=\"widget\" data-widget_type=\"text-editor.default\">\n\t\t\t\t<div class=\"elementor-widget-container\">\n\t\t\t\t\t\t\t\t\t<p>Fruto de un crecimiento permanente, instalamos una nueva f\u00e1brica en un predio de 15.000 m2 en el Talar de Pacheco, Provincia de Buenos Aires. Incorporamos la \u00faltima tecnolog\u00eda en la fabricaci\u00f3n de helados y nos convertimos en referentes de todos los segmentos del mercado.<\/p>\t\t\t\t\t\t\t\t<\/div>\n\t\t\t\t<\/div>\n\t\t\t\t<\/div>\n\t\t<div class=\"elementor-element elementor-element-8b8154e e-con-full e-flex e-con e-child\" data-id=\"8b8154e\" data-element_type=\"container\">\n\t\t\t\t<div class=\"elementor-element elementor-element-c5274d7 elementor-widget elementor-widget-heading\" data-id=\"c5274d7\" data-element_type=\"widget\" data-widget_type=\"heading.default\">\n\t\t\t\t<div class=\"elementor-widget-container\">\n\t\t\t\t\t<h2 class=\"elementor-heading-title elementor-size-default\">&gt;2005<\/h2>\t\t\t\t<\/div>\n\t\t\t\t<\/div>\n\t\t\t\t<div class=\"elementor-element elementor-element-e013063 elementor-widget elementor-widget-text-editor\" data-id=\"e013063\" data-element_type=\"widget\" data-widget_type=\"text-editor.default\">\n\t\t\t\t<div class=\"elementor-widget-container\">\n\t\t\t\t\t\t\t\t\t<p>Una vez consolidados como l\u00edderes en el canal impulsivo y retail, dimos un gran paso: incorporamos el negocio del copacking, fabricando a fason para terceros y constituy\u00e9ndonos como pioneros en Argentina.<\/p>\t\t\t\t\t\t\t\t<\/div>\n\t\t\t\t<\/div>\n\t\t\t\t<\/div>\n\t\t<div class=\"elementor-element elementor-element-b2c614a e-flex e-con-boxed e-con e-child\" data-id=\"b2c614a\" data-element_type=\"container\">\n\t\t\t\t\t<div class=\"e-con-inner\">\n\t\t\t\t<div class=\"elementor-element elementor-element-971054f elementor-widget elementor-widget-heading\" data-id=\"971054f\" data-element_type=\"widget\" data-widget_type=\"heading.default\">\n\t\t\t\t<div class=\"elementor-widget-container\">\n\t\t\t\t\t<h2 class=\"elementor-heading-title elementor-size-default\">&gt;2021<\/h2>\t\t\t\t<\/div>\n\t\t\t\t<\/div>\n\t\t\t\t<div class=\"elementor-element elementor-element-ee69893 elementor-widget elementor-widget-text-editor\" data-id=\"ee69893\" data-element_type=\"widget\" data-widget_type=\"text-editor.default\">\n\t\t\t\t<div class=\"elementor-widget-container\">\n\t\t\t\t\t\t\t\t\t<p>Cumplimos 35 a\u00f1os y mantenemos el mismo esp\u00edritu y energ\u00eda con el que naci\u00f3 nuestra empresa. M\u00e1s de 300 colaboradores, m\u00e1s de 150 referencias, las m\u00e1s amplia gama de productos sin gluten del mercado y una extensa red de distribuidores en todo el pa\u00eds nos siguen posicionando como referentes del helado en Argentina.<\/p>\t\t\t\t\t\t\t\t<\/div>\n\t\t\t\t<\/div>\n\t\t\t\t<div class=\"elementor-element elementor-element-3e5148a elementor-widget elementor-widget-video\" data-id=\"3e5148a\" data-element_type=\"widget\" data-settings=\"{&quot;video_type&quot;:&quot;hosted&quot;,&quot;controls&quot;:&quot;yes&quot;}\" data-widget_type=\"video.default\">\n\t\t\t\t<div class=\"elementor-widget-container\">\n\t\t\t\t\t\t\t<div class=\"e-hosted-video elementor-wrapper elementor-open-inline\">\n\t\t\t\t\t<video class=\"elementor-video\" src=\"https:\/\/www.icecream.com.ar\/site\/wp-content\/uploads\/2024\/09\/ICECREAM-MASTER-INSTA.mp4\" controls=\"\" preload=\"metadata\" controlsList=\"nodownload\"><\/video>\n\t\t\t\t<\/div>\n\t\t\t\t\t\t<\/div>\n\t\t\t\t<\/div>\n\t\t\t\t\t<\/div>\n\t\t\t\t<\/div>\n\t\t\t\t<\/div>\n\t\t<div class=\"elementor-element elementor-element-81afe38 e-grid e-con-full e-con e-parent\" data-id=\"81afe38\" data-element_type=\"container\" data-settings=\"{&quot;background_background&quot;:&quot;classic&quot;}\">\n\t\t<div class=\"elementor-element elementor-element-5748105 e-flex e-con-boxed e-con e-child\" data-id=\"5748105\" data-element_type=\"container\" data-settings=\"{&quot;background_background&quot;:&quot;classic&quot;}\">\n\t\t\t\t\t<div class=\"e-con-inner\">\n\t\t\t\t<div class=\"elementor-element elementor-element-fc61e08 elementor-widget elementor-widget-html\" data-id=\"fc61e08\" data-element_type=\"widget\" data-widget_type=\"html.default\">\n\t\t\t\t<div class=\"elementor-widget-container\">\n\t\t\t\t\t    <div style=\"padding: 40px 20px 0 20px; display: flex;\">\n        <span style=\"font-family: Amaranth; font-size: 75px; color: black; margin-right: 20px\">*<\/span>\n        <h2 style=\"font-family: Amaranth; font-size: 72px; color: white; line-height: 1em; font-weight: 600; overflow: hidden;\n    word-wrap: break-word;\">Misi\u00f3n<\/h2>\n    <\/div>\n    <p style=\"padding: 0 30px; padding-left: 80px;font-family: Amaranth; font-size: 20px; color: white; line-height: 25px\">Elaborar cremas y postres helados de muy buena calidad, seguros, con excelencia en la eficienca y control de los costos productivos, con la finalidad de satisfacer las necesidades de clientes y consumidores.<\/p>\t\t\t\t<\/div>\n\t\t\t\t<\/div>\n\t\t\t\t\t<\/div>\n\t\t\t\t<\/div>\n\t\t<div class=\"elementor-element elementor-element-f8d88e2 e-flex e-con-boxed e-con e-child\" data-id=\"f8d88e2\" data-element_type=\"container\" data-settings=\"{&quot;background_background&quot;:&quot;classic&quot;}\">\n\t\t\t\t\t<div class=\"e-con-inner\">\n\t\t\t\t<div class=\"elementor-element elementor-element-786c452 elementor-widget elementor-widget-html\" data-id=\"786c452\" data-element_type=\"widget\" data-widget_type=\"html.default\">\n\t\t\t\t<div class=\"elementor-widget-container\">\n\t\t\t\t\t    <div style=\"padding: 40px 20px 0 20px; display: flex;\">\n        <span style=\"font-family: Amaranth; font-size: 75px; color: black; margin-right: 20px\">*<\/span>\n        <h2 style=\"font-family: Amaranth; font-size: 72px; color: white; line-height: 1em; font-weight: 600; overflow: hidden;\n    word-wrap: break-word;\">Visi\u00f3n<\/h2>\n    <\/div>\n    <p style=\"padding: 0 30px; padding-left: 80px;font-family: Amaranth; font-size: 20px; color: white; line-height: 25px\">Ser L\u00edder del mercado nacional en la producci\u00f3n y comercializaci\u00f3n de cremas y postres helados bajo distintas marcas e incursionar en el mercado.<\/p>\t\t\t\t<\/div>\n\t\t\t\t<\/div>\n\t\t\t\t\t<\/div>\n\t\t\t\t<\/div>\n\t\t<div class=\"elementor-element elementor-element-2b2c21a e-flex e-con-boxed e-con e-child\" data-id=\"2b2c21a\" data-element_type=\"container\" data-settings=\"{&quot;background_background&quot;:&quot;classic&quot;}\">\n\t\t\t\t\t<div class=\"e-con-inner\">\n\t\t\t\t<div class=\"elementor-element elementor-element-9b0311f elementor-widget elementor-widget-html\" data-id=\"9b0311f\" data-element_type=\"widget\" data-widget_type=\"html.default\">\n\t\t\t\t<div class=\"elementor-widget-container\">\n\t\t\t\t\t    <div style=\"padding: 40px 20px 0 20px; display: flex;\">\n        <span style=\"font-family: Amaranth; font-size: 75px; color: black; margin-right: 20px\">*<\/span>\n        <h2 style=\"font-family: Amaranth; font-size: 72px; color: white; line-height: 1em; font-weight: 600; overflow: hidden;\n    word-wrap: break-word;\">Valor\n<\/h2>\n    <\/div>\n    <p style=\"padding: 0 30px; padding-left: 80px;font-family: Amaranth; font-size: 20px; color: white; line-height: 25px\">El compromiso de todo el personal de la empresa en el cumplimiento de\nla pol\u00edtica de calidad.<br> El conocimiento y experiencia de mas de 30 a\u00f1os\npor parte de la Direcci\u00f3n en el rubro de la producci\u00f3n de cremas y\npostres helados. <br>La b\u00fasqueda permanente de nuevos productos. El esp\u00edritu\nemprendedor como detonante de las acciones y superaci\u00f3n de nuevos\nretos.<\/p>\t\t\t\t<\/div>\n\t\t\t\t<\/div>\n\t\t\t\t\t<\/div>\n\t\t\t\t<\/div>\n\t\t\t\t<\/div>\n\t\t\t\t<\/div>\n\t\t","protected":false},"excerpt":{"rendered":"<p>&gt;1986 Ice Cream se funda en el a\u00f1o 1986 por Ricardo P\u00e9rez. Inicia su actividad en una peque\u00f1a casa de 150m2 en el barrio porte\u00f1o de Villa Urquiza, elaborando helado a granel para abastecer principalmente a helader\u00edas y locales gastron\u00f3micos.\u00a0 &gt;1998 Fruto de un crecimiento permanente, instalamos una nueva f\u00e1brica en un predio de 15.000 [&hellip;]<\/p>\n","protected":false},"author":1,"featured_media":0,"parent":0,"menu_order":0,"comment_status":"closed","ping_status":"closed","template":"elementor_header_footer","meta":{"_acf_changed":false,"footnotes":""},"class_list":["post-611","page","type-page","status-publish","hentry"],"acf":[],"yoast_head":"<!-- This site is optimized with the Yoast SEO plugin v24.8.1 - https:\/\/yoast.com\/wordpress\/plugins\/seo\/ -->\n<title>Historia - Ice Cream<\/title>\n<meta name=\"robots\" content=\"index, follow, max-snippet:-1, max-image-preview:large, max-video-preview:-1\" \/>\n<link rel=\"canonical\" href=\"https:\/\/www.icecream.com.ar\/site\/historia\/\" \/>\n<meta property=\"og:locale\" content=\"es_ES\" \/>\n<meta property=\"og:type\" content=\"article\" \/>\n<meta property=\"og:title\" content=\"Historia - Ice Cream\" \/>\n<meta property=\"og:description\" content=\"&gt;1986 Ice Cream se funda en el a\u00f1o 1986 por Ricardo P\u00e9rez. Inicia su actividad en una peque\u00f1a casa de 150m2 en el barrio porte\u00f1o de Villa Urquiza, elaborando helado a granel para abastecer principalmente a helader\u00edas y locales gastron\u00f3micos.\u00a0 &gt;1998 Fruto de un crecimiento permanente, instalamos una nueva f\u00e1brica en un predio de 15.000 [&hellip;]\" \/>\n<meta property=\"og:url\" content=\"https:\/\/www.icecream.com.ar\/site\/historia\/\" \/>\n<meta property=\"og:site_name\" content=\"Ice Cream\" \/>\n<meta property=\"article:publisher\" content=\"https:\/\/www.facebook.com\/share\/Nbu3LfNYBrpoj6tc\/?mibextid=LQQJ4d\" \/>\n<meta property=\"article:modified_time\" content=\"2024-11-29T20:35:13+00:00\" \/>\n<meta name=\"twitter:card\" content=\"summary_large_image\" \/>\n<meta name=\"twitter:label1\" content=\"Tiempo de lectura\" \/>\n\t<meta name=\"twitter:data1\" content=\"2 minutos\" \/>\n<script type=\"application\/ld+json\" class=\"yoast-schema-graph\">{\"@context\":\"https:\/\/schema.org\",\"@graph\":[{\"@type\":\"WebPage\",\"@id\":\"https:\/\/www.icecream.com.ar\/site\/historia\/\",\"url\":\"https:\/\/www.icecream.com.ar\/site\/historia\/\",\"name\":\"Historia - Ice Cream\",\"isPartOf\":{\"@id\":\"https:\/\/www.icecream.com.ar\/site\/#website\"},\"datePublished\":\"2024-08-30T16:53:46+00:00\",\"dateModified\":\"2024-11-29T20:35:13+00:00\",\"breadcrumb\":{\"@id\":\"https:\/\/www.icecream.com.ar\/site\/historia\/#breadcrumb\"},\"inLanguage\":\"es-AR\",\"potentialAction\":[{\"@type\":\"ReadAction\",\"target\":[\"https:\/\/www.icecream.com.ar\/site\/historia\/\"]}]},{\"@type\":\"BreadcrumbList\",\"@id\":\"https:\/\/www.icecream.com.ar\/site\/historia\/#breadcrumb\",\"itemListElement\":[{\"@type\":\"ListItem\",\"position\":1,\"name\":\"Inicio\",\"item\":\"https:\/\/www.icecream.com.ar\/site\/\"},{\"@type\":\"ListItem\",\"position\":2,\"name\":\"Historia\"}]},{\"@type\":\"WebSite\",\"@id\":\"https:\/\/www.icecream.com.ar\/site\/#website\",\"url\":\"https:\/\/www.icecream.com.ar\/site\/\",\"name\":\"Ice Cream\",\"description\":\"Fabricamos y comercializamos cremas heladas\",\"publisher\":{\"@id\":\"https:\/\/www.icecream.com.ar\/site\/#organization\"},\"potentialAction\":[{\"@type\":\"SearchAction\",\"target\":{\"@type\":\"EntryPoint\",\"urlTemplate\":\"https:\/\/www.icecream.com.ar\/site\/?s={search_term_string}\"},\"query-input\":{\"@type\":\"PropertyValueSpecification\",\"valueRequired\":true,\"valueName\":\"search_term_string\"}}],\"inLanguage\":\"es-AR\"},{\"@type\":\"Organization\",\"@id\":\"https:\/\/www.icecream.com.ar\/site\/#organization\",\"name\":\"Ice Cream\",\"url\":\"https:\/\/www.icecream.com.ar\/site\/\",\"logo\":{\"@type\":\"ImageObject\",\"inLanguage\":\"es-AR\",\"@id\":\"https:\/\/www.icecream.com.ar\/site\/#\/schema\/logo\/image\/\",\"url\":\"https:\/\/www.icecream.com.ar\/site\/wp-content\/uploads\/2024\/07\/cropped-ice-cream.png\",\"contentUrl\":\"https:\/\/www.icecream.com.ar\/site\/wp-content\/uploads\/2024\/07\/cropped-ice-cream.png\",\"width\":77,\"height\":69,\"caption\":\"Ice Cream\"},\"image\":{\"@id\":\"https:\/\/www.icecream.com.ar\/site\/#\/schema\/logo\/image\/\"},\"sameAs\":[\"https:\/\/www.facebook.com\/share\/Nbu3LfNYBrpoj6tc\/?mibextid=LQQJ4d\"]}]}<\/script>\n<!-- \/ Yoast SEO plugin. -->","yoast_head_json":{"title":"Historia - Ice Cream","robots":{"index":"index","follow":"follow","max-snippet":"max-snippet:-1","max-image-preview":"max-image-preview:large","max-video-preview":"max-video-preview:-1"},"canonical":"https:\/\/www.icecream.com.ar\/site\/historia\/","og_locale":"es_ES","og_type":"article","og_title":"Historia - Ice Cream","og_description":"&gt;1986 Ice Cream se funda en el a\u00f1o 1986 por Ricardo P\u00e9rez. Inicia su actividad en una peque\u00f1a casa de 150m2 en el barrio porte\u00f1o de Villa Urquiza, elaborando helado a granel para abastecer principalmente a helader\u00edas y locales gastron\u00f3micos.\u00a0 &gt;1998 Fruto de un crecimiento permanente, instalamos una nueva f\u00e1brica en un predio de 15.000 [&hellip;]","og_url":"https:\/\/www.icecream.com.ar\/site\/historia\/","og_site_name":"Ice Cream","article_publisher":"https:\/\/www.facebook.com\/share\/Nbu3LfNYBrpoj6tc\/?mibextid=LQQJ4d","article_modified_time":"2024-11-29T20:35:13+00:00","twitter_card":"summary_large_image","twitter_misc":{"Tiempo de lectura":"2 minutos"},"schema":{"@context":"https:\/\/schema.org","@graph":[{"@type":"WebPage","@id":"https:\/\/www.icecream.com.ar\/site\/historia\/","url":"https:\/\/www.icecream.com.ar\/site\/historia\/","name":"Historia - Ice Cream","isPartOf":{"@id":"https:\/\/www.icecream.com.ar\/site\/#website"},"datePublished":"2024-08-30T16:53:46+00:00","dateModified":"2024-11-29T20:35:13+00:00","breadcrumb":{"@id":"https:\/\/www.icecream.com.ar\/site\/historia\/#breadcrumb"},"inLanguage":"es-AR","potentialAction":[{"@type":"ReadAction","target":["https:\/\/www.icecream.com.ar\/site\/historia\/"]}]},{"@type":"BreadcrumbList","@id":"https:\/\/www.icecream.com.ar\/site\/historia\/#breadcrumb","itemListElement":[{"@type":"ListItem","position":1,"name":"Inicio","item":"https:\/\/www.icecream.com.ar\/site\/"},{"@type":"ListItem","position":2,"name":"Historia"}]},{"@type":"WebSite","@id":"https:\/\/www.icecream.com.ar\/site\/#website","url":"https:\/\/www.icecream.com.ar\/site\/","name":"Ice Cream","description":"Fabricamos y comercializamos cremas heladas","publisher":{"@id":"https:\/\/www.icecream.com.ar\/site\/#organization"},"potentialAction":[{"@type":"SearchAction","target":{"@type":"EntryPoint","urlTemplate":"https:\/\/www.icecream.com.ar\/site\/?s={search_term_string}"},"query-input":{"@type":"PropertyValueSpecification","valueRequired":true,"valueName":"search_term_string"}}],"inLanguage":"es-AR"},{"@type":"Organization","@id":"https:\/\/www.icecream.com.ar\/site\/#organization","name":"Ice Cream","url":"https:\/\/www.icecream.com.ar\/site\/","logo":{"@type":"ImageObject","inLanguage":"es-AR","@id":"https:\/\/www.icecream.com.ar\/site\/#\/schema\/logo\/image\/","url":"https:\/\/www.icecream.com.ar\/site\/wp-content\/uploads\/2024\/07\/cropped-ice-cream.png","contentUrl":"https:\/\/www.icecream.com.ar\/site\/wp-content\/uploads\/2024\/07\/cropped-ice-cream.png","width":77,"height":69,"caption":"Ice Cream"},"image":{"@id":"https:\/\/www.icecream.com.ar\/site\/#\/schema\/logo\/image\/"},"sameAs":["https:\/\/www.facebook.com\/share\/Nbu3LfNYBrpoj6tc\/?mibextid=LQQJ4d"]}]}},"_links":{"self":[{"href":"https:\/\/www.icecream.com.ar\/site\/wp-json\/wp\/v2\/pages\/611","targetHints":{"allow":["GET"]}}],"collection":[{"href":"https:\/\/www.icecream.com.ar\/site\/wp-json\/wp\/v2\/pages"}],"about":[{"href":"https:\/\/www.icecream.com.ar\/site\/wp-json\/wp\/v2\/types\/page"}],"author":[{"embeddable":true,"href":"https:\/\/www.icecream.com.ar\/site\/wp-json\/wp\/v2\/users\/1"}],"replies":[{"embeddable":true,"href":"https:\/\/www.icecream.com.ar\/site\/wp-json\/wp\/v2\/comments?post=611"}],"version-history":[{"count":65,"href":"https:\/\/www.icecream.com.ar\/site\/wp-json\/wp\/v2\/pages\/611\/revisions"}],"predecessor-version":[{"id":1628,"href":"https:\/\/www.icecream.com.ar\/site\/wp-json\/wp\/v2\/pages\/611\/revisions\/1628"}],"wp:attachment":[{"href":"https:\/\/www.icecream.com.ar\/site\/wp-json\/wp\/v2\/media?parent=611"}],"curies":[{"name":"wp","href":"https:\/\/api.w.org\/{rel}","templated":true}]}}