{"id":613,"date":"2024-08-30T13:54:41","date_gmt":"2024-08-30T16:54:41","guid":{"rendered":"https:\/\/cremaweb.com.ar\/icecream\/?page_id=613"},"modified":"2024-09-25T15:18:17","modified_gmt":"2024-09-25T18:18:17","slug":"co-packing","status":"publish","type":"page","link":"https:\/\/www.icecream.com.ar\/site\/co-packing\/","title":{"rendered":"Co-packing"},"content":{"rendered":"\t\t<div data-elementor-type=\"wp-page\" data-elementor-id=\"613\" class=\"elementor elementor-613\" data-elementor-post-type=\"page\">\n\t\t\t\t<div class=\"elementor-element elementor-element-abc42ce e-con-full e-flex e-con e-parent\" data-id=\"abc42ce\" data-element_type=\"container\" data-settings=\"{&quot;background_background&quot;:&quot;classic&quot;}\">\n\t\t\t\t<div class=\"elementor-element elementor-element-4c06296 elementor-widget__width-initial elementor-widget elementor-widget-html\" data-id=\"4c06296\" data-element_type=\"widget\" data-widget_type=\"html.default\">\n\t\t\t\t<div class=\"elementor-widget-container\">\n\t\t\t\t\t<div class=\"ice-business-container\" style=\"background-color: #7b99b4; border-radius: 10px; padding:30px\">\n    <h2 style=\"color: white; font-size: 66px; font-family: Amaranth; line-height:0.9em; margin-bottom:40px\">\n    >ICE Business Co_packing\n<\/h2>\n<p style=\"font-size: 16px; font-family: Amaranth; color: white\">Podemos construir juntos tu marca de helado: Confi\u00e1 en nosotros para el desarrollo, la producci\u00f3n y envasado de tu marca.\n<br><br>\nEl \u00e9xito de co-packing con <b>ICE CREAM<\/b> es producto de un s\u00f3lido know-how que ponemos a disposici\u00f3n de nuestros clientes adapt\u00e1ndonos a las necesidades individuales de cada uno de ellos.\n<br><br>\n<b>\u00bfC\u00f3mo lo hacemos?<\/b> Contamos con una capacidad\nproductiva de 30 millones de litros anuales y una capacidad log\u00edstica acorde para almacenamiento y distribuci\u00f3n. Esto incluye rigurosos controles de calidad para garantizar la excelencia del producto final.\n<br><br>\nNuestra f\u00e1brica puede producir distintos formatos: paletas, barras\nconos, tabletas, potes y baldes.Tambi\u00e9n producimos todo tipo de helados: light, diet, a base de plantas y sin gluten.\n<br><br>\nSi ten\u00e9s una idea nueva contact\u00e1nos y trabajemos juntos para\nhacerla realidad. Sabemos de helado, sabemos de fr\u00edo.<\/p>\n<\/div>\n\t\t\t\t<\/div>\n\t\t\t\t<\/div>\n\t\t\t\t<div class=\"elementor-element elementor-element-821e931 elementor-widget__width-initial elementor-widget elementor-widget-image\" data-id=\"821e931\" data-element_type=\"widget\" data-widget_type=\"image.default\">\n\t\t\t\t<div class=\"elementor-widget-container\">\n\t\t\t\t\t\t\t\t\t\t\t\t\t\t\t<img fetchpriority=\"high\" decoding=\"async\" width=\"571\" height=\"360\" src=\"https:\/\/www.icecream.com.ar\/site\/wp-content\/uploads\/2024\/09\/ice-cubes-2.png\" class=\"attachment-large size-large wp-image-628\" alt=\"\" srcset=\"https:\/\/www.icecream.com.ar\/site\/wp-content\/uploads\/2024\/09\/ice-cubes-2.png 571w, https:\/\/www.icecream.com.ar\/site\/wp-content\/uploads\/2024\/09\/ice-cubes-2-300x189.png 300w\" sizes=\"(max-width: 571px) 100vw, 571px\" \/>\t\t\t\t\t\t\t\t\t\t\t\t\t\t\t<\/div>\n\t\t\t\t<\/div>\n\t\t\t\t<div class=\"elementor-element elementor-element-8114b1b elementor-hidden-desktop elementor-widget elementor-widget-image\" data-id=\"8114b1b\" data-element_type=\"widget\" data-widget_type=\"image.default\">\n\t\t\t\t<div class=\"elementor-widget-container\">\n\t\t\t\t\t\t\t\t\t\t\t\t\t\t\t<img decoding=\"async\" width=\"768\" height=\"464\" src=\"https:\/\/www.icecream.com.ar\/site\/wp-content\/uploads\/2024\/09\/fondo-icebusiness-mobile.jpg\" class=\"attachment-large size-large wp-image-1429\" alt=\"\" srcset=\"https:\/\/www.icecream.com.ar\/site\/wp-content\/uploads\/2024\/09\/fondo-icebusiness-mobile.jpg 768w, https:\/\/www.icecream.com.ar\/site\/wp-content\/uploads\/2024\/09\/fondo-icebusiness-mobile-300x181.jpg 300w\" sizes=\"(max-width: 768px) 100vw, 768px\" \/>\t\t\t\t\t\t\t\t\t\t\t\t\t\t\t<\/div>\n\t\t\t\t<\/div>\n\t\t\t\t<\/div>\n\t\t\t\t<\/div>\n\t\t","protected":false},"excerpt":{"rendered":"<p>>ICE Business Co_packing Podemos construir juntos tu marca de helado: Confi\u00e1 en nosotros para el desarrollo, la producci\u00f3n y envasado de tu marca. El \u00e9xito de co-packing con ICE CREAM es producto de un s\u00f3lido know-how que ponemos a disposici\u00f3n de nuestros clientes adapt\u00e1ndonos a las necesidades individuales de cada uno de ellos. \u00bfC\u00f3mo lo [&hellip;]<\/p>\n","protected":false},"author":1,"featured_media":0,"parent":0,"menu_order":0,"comment_status":"closed","ping_status":"closed","template":"elementor_header_footer","meta":{"_acf_changed":false,"footnotes":""},"class_list":["post-613","page","type-page","status-publish","hentry"],"acf":[],"yoast_head":"<!-- This site is optimized with the Yoast SEO plugin v24.8.1 - https:\/\/yoast.com\/wordpress\/plugins\/seo\/ -->\n<title>Co-packing - Ice Cream<\/title>\n<meta name=\"robots\" content=\"index, follow, max-snippet:-1, max-image-preview:large, max-video-preview:-1\" \/>\n<link rel=\"canonical\" href=\"https:\/\/www.icecream.com.ar\/site\/co-packing\/\" \/>\n<meta property=\"og:locale\" content=\"es_ES\" \/>\n<meta property=\"og:type\" content=\"article\" \/>\n<meta property=\"og:title\" content=\"Co-packing - Ice Cream\" \/>\n<meta property=\"og:description\" content=\"&gt;ICE Business Co_packing Podemos construir juntos tu marca de helado: Confi\u00e1 en nosotros para el desarrollo, la producci\u00f3n y envasado de tu marca. El \u00e9xito de co-packing con ICE CREAM es producto de un s\u00f3lido know-how que ponemos a disposici\u00f3n de nuestros clientes adapt\u00e1ndonos a las necesidades individuales de cada uno de ellos. \u00bfC\u00f3mo lo [&hellip;]\" \/>\n<meta property=\"og:url\" content=\"https:\/\/www.icecream.com.ar\/site\/co-packing\/\" \/>\n<meta property=\"og:site_name\" content=\"Ice Cream\" \/>\n<meta property=\"article:publisher\" content=\"https:\/\/www.facebook.com\/share\/Nbu3LfNYBrpoj6tc\/?mibextid=LQQJ4d\" \/>\n<meta property=\"article:modified_time\" content=\"2024-09-25T18:18:17+00:00\" \/>\n<meta property=\"og:image\" content=\"https:\/\/www.icecream.com.ar\/site\/wp-content\/uploads\/2024\/09\/ice-cubes-2.png\" \/>\n<meta name=\"twitter:card\" content=\"summary_large_image\" \/>\n<meta name=\"twitter:label1\" content=\"Tiempo de lectura\" \/>\n\t<meta name=\"twitter:data1\" content=\"2 minutos\" \/>\n<script type=\"application\/ld+json\" class=\"yoast-schema-graph\">{\"@context\":\"https:\/\/schema.org\",\"@graph\":[{\"@type\":\"WebPage\",\"@id\":\"https:\/\/www.icecream.com.ar\/site\/co-packing\/\",\"url\":\"https:\/\/www.icecream.com.ar\/site\/co-packing\/\",\"name\":\"Co-packing - Ice Cream\",\"isPartOf\":{\"@id\":\"https:\/\/www.icecream.com.ar\/site\/#website\"},\"primaryImageOfPage\":{\"@id\":\"https:\/\/www.icecream.com.ar\/site\/co-packing\/#primaryimage\"},\"image\":{\"@id\":\"https:\/\/www.icecream.com.ar\/site\/co-packing\/#primaryimage\"},\"thumbnailUrl\":\"https:\/\/www.icecream.com.ar\/site\/wp-content\/uploads\/2024\/09\/ice-cubes-2.png\",\"datePublished\":\"2024-08-30T16:54:41+00:00\",\"dateModified\":\"2024-09-25T18:18:17+00:00\",\"breadcrumb\":{\"@id\":\"https:\/\/www.icecream.com.ar\/site\/co-packing\/#breadcrumb\"},\"inLanguage\":\"es-AR\",\"potentialAction\":[{\"@type\":\"ReadAction\",\"target\":[\"https:\/\/www.icecream.com.ar\/site\/co-packing\/\"]}]},{\"@type\":\"ImageObject\",\"inLanguage\":\"es-AR\",\"@id\":\"https:\/\/www.icecream.com.ar\/site\/co-packing\/#primaryimage\",\"url\":\"https:\/\/www.icecream.com.ar\/site\/wp-content\/uploads\/2024\/09\/ice-cubes-2.png\",\"contentUrl\":\"https:\/\/www.icecream.com.ar\/site\/wp-content\/uploads\/2024\/09\/ice-cubes-2.png\",\"width\":571,\"height\":360},{\"@type\":\"BreadcrumbList\",\"@id\":\"https:\/\/www.icecream.com.ar\/site\/co-packing\/#breadcrumb\",\"itemListElement\":[{\"@type\":\"ListItem\",\"position\":1,\"name\":\"Inicio\",\"item\":\"https:\/\/www.icecream.com.ar\/site\/\"},{\"@type\":\"ListItem\",\"position\":2,\"name\":\"Co-packing\"}]},{\"@type\":\"WebSite\",\"@id\":\"https:\/\/www.icecream.com.ar\/site\/#website\",\"url\":\"https:\/\/www.icecream.com.ar\/site\/\",\"name\":\"Ice Cream\",\"description\":\"Fabricamos y comercializamos cremas heladas\",\"publisher\":{\"@id\":\"https:\/\/www.icecream.com.ar\/site\/#organization\"},\"potentialAction\":[{\"@type\":\"SearchAction\",\"target\":{\"@type\":\"EntryPoint\",\"urlTemplate\":\"https:\/\/www.icecream.com.ar\/site\/?s={search_term_string}\"},\"query-input\":{\"@type\":\"PropertyValueSpecification\",\"valueRequired\":true,\"valueName\":\"search_term_string\"}}],\"inLanguage\":\"es-AR\"},{\"@type\":\"Organization\",\"@id\":\"https:\/\/www.icecream.com.ar\/site\/#organization\",\"name\":\"Ice Cream\",\"url\":\"https:\/\/www.icecream.com.ar\/site\/\",\"logo\":{\"@type\":\"ImageObject\",\"inLanguage\":\"es-AR\",\"@id\":\"https:\/\/www.icecream.com.ar\/site\/#\/schema\/logo\/image\/\",\"url\":\"https:\/\/www.icecream.com.ar\/site\/wp-content\/uploads\/2024\/07\/cropped-ice-cream.png\",\"contentUrl\":\"https:\/\/www.icecream.com.ar\/site\/wp-content\/uploads\/2024\/07\/cropped-ice-cream.png\",\"width\":77,\"height\":69,\"caption\":\"Ice Cream\"},\"image\":{\"@id\":\"https:\/\/www.icecream.com.ar\/site\/#\/schema\/logo\/image\/\"},\"sameAs\":[\"https:\/\/www.facebook.com\/share\/Nbu3LfNYBrpoj6tc\/?mibextid=LQQJ4d\"]}]}<\/script>\n<!-- \/ Yoast SEO plugin. -->","yoast_head_json":{"title":"Co-packing - Ice Cream","robots":{"index":"index","follow":"follow","max-snippet":"max-snippet:-1","max-image-preview":"max-image-preview:large","max-video-preview":"max-video-preview:-1"},"canonical":"https:\/\/www.icecream.com.ar\/site\/co-packing\/","og_locale":"es_ES","og_type":"article","og_title":"Co-packing - Ice Cream","og_description":">ICE Business Co_packing Podemos construir juntos tu marca de helado: Confi\u00e1 en nosotros para el desarrollo, la producci\u00f3n y envasado de tu marca. El \u00e9xito de co-packing con ICE CREAM es producto de un s\u00f3lido know-how que ponemos a disposici\u00f3n de nuestros clientes adapt\u00e1ndonos a las necesidades individuales de cada uno de ellos. \u00bfC\u00f3mo lo [&hellip;]","og_url":"https:\/\/www.icecream.com.ar\/site\/co-packing\/","og_site_name":"Ice Cream","article_publisher":"https:\/\/www.facebook.com\/share\/Nbu3LfNYBrpoj6tc\/?mibextid=LQQJ4d","article_modified_time":"2024-09-25T18:18:17+00:00","og_image":[{"url":"https:\/\/www.icecream.com.ar\/site\/wp-content\/uploads\/2024\/09\/ice-cubes-2.png","type":"","width":"","height":""}],"twitter_card":"summary_large_image","twitter_misc":{"Tiempo de lectura":"2 minutos"},"schema":{"@context":"https:\/\/schema.org","@graph":[{"@type":"WebPage","@id":"https:\/\/www.icecream.com.ar\/site\/co-packing\/","url":"https:\/\/www.icecream.com.ar\/site\/co-packing\/","name":"Co-packing - Ice Cream","isPartOf":{"@id":"https:\/\/www.icecream.com.ar\/site\/#website"},"primaryImageOfPage":{"@id":"https:\/\/www.icecream.com.ar\/site\/co-packing\/#primaryimage"},"image":{"@id":"https:\/\/www.icecream.com.ar\/site\/co-packing\/#primaryimage"},"thumbnailUrl":"https:\/\/www.icecream.com.ar\/site\/wp-content\/uploads\/2024\/09\/ice-cubes-2.png","datePublished":"2024-08-30T16:54:41+00:00","dateModified":"2024-09-25T18:18:17+00:00","breadcrumb":{"@id":"https:\/\/www.icecream.com.ar\/site\/co-packing\/#breadcrumb"},"inLanguage":"es-AR","potentialAction":[{"@type":"ReadAction","target":["https:\/\/www.icecream.com.ar\/site\/co-packing\/"]}]},{"@type":"ImageObject","inLanguage":"es-AR","@id":"https:\/\/www.icecream.com.ar\/site\/co-packing\/#primaryimage","url":"https:\/\/www.icecream.com.ar\/site\/wp-content\/uploads\/2024\/09\/ice-cubes-2.png","contentUrl":"https:\/\/www.icecream.com.ar\/site\/wp-content\/uploads\/2024\/09\/ice-cubes-2.png","width":571,"height":360},{"@type":"BreadcrumbList","@id":"https:\/\/www.icecream.com.ar\/site\/co-packing\/#breadcrumb","itemListElement":[{"@type":"ListItem","position":1,"name":"Inicio","item":"https:\/\/www.icecream.com.ar\/site\/"},{"@type":"ListItem","position":2,"name":"Co-packing"}]},{"@type":"WebSite","@id":"https:\/\/www.icecream.com.ar\/site\/#website","url":"https:\/\/www.icecream.com.ar\/site\/","name":"Ice Cream","description":"Fabricamos y comercializamos cremas heladas","publisher":{"@id":"https:\/\/www.icecream.com.ar\/site\/#organization"},"potentialAction":[{"@type":"SearchAction","target":{"@type":"EntryPoint","urlTemplate":"https:\/\/www.icecream.com.ar\/site\/?s={search_term_string}"},"query-input":{"@type":"PropertyValueSpecification","valueRequired":true,"valueName":"search_term_string"}}],"inLanguage":"es-AR"},{"@type":"Organization","@id":"https:\/\/www.icecream.com.ar\/site\/#organization","name":"Ice Cream","url":"https:\/\/www.icecream.com.ar\/site\/","logo":{"@type":"ImageObject","inLanguage":"es-AR","@id":"https:\/\/www.icecream.com.ar\/site\/#\/schema\/logo\/image\/","url":"https:\/\/www.icecream.com.ar\/site\/wp-content\/uploads\/2024\/07\/cropped-ice-cream.png","contentUrl":"https:\/\/www.icecream.com.ar\/site\/wp-content\/uploads\/2024\/07\/cropped-ice-cream.png","width":77,"height":69,"caption":"Ice Cream"},"image":{"@id":"https:\/\/www.icecream.com.ar\/site\/#\/schema\/logo\/image\/"},"sameAs":["https:\/\/www.facebook.com\/share\/Nbu3LfNYBrpoj6tc\/?mibextid=LQQJ4d"]}]}},"_links":{"self":[{"href":"https:\/\/www.icecream.com.ar\/site\/wp-json\/wp\/v2\/pages\/613","targetHints":{"allow":["GET"]}}],"collection":[{"href":"https:\/\/www.icecream.com.ar\/site\/wp-json\/wp\/v2\/pages"}],"about":[{"href":"https:\/\/www.icecream.com.ar\/site\/wp-json\/wp\/v2\/types\/page"}],"author":[{"embeddable":true,"href":"https:\/\/www.icecream.com.ar\/site\/wp-json\/wp\/v2\/users\/1"}],"replies":[{"embeddable":true,"href":"https:\/\/www.icecream.com.ar\/site\/wp-json\/wp\/v2\/comments?post=613"}],"version-history":[{"count":38,"href":"https:\/\/www.icecream.com.ar\/site\/wp-json\/wp\/v2\/pages\/613\/revisions"}],"predecessor-version":[{"id":1556,"href":"https:\/\/www.icecream.com.ar\/site\/wp-json\/wp\/v2\/pages\/613\/revisions\/1556"}],"wp:attachment":[{"href":"https:\/\/www.icecream.com.ar\/site\/wp-json\/wp\/v2\/media?parent=613"}],"curies":[{"name":"wp","href":"https:\/\/api.w.org\/{rel}","templated":true}]}}