{"id":617,"date":"2024-08-30T13:58:19","date_gmt":"2024-08-30T16:58:19","guid":{"rendered":"https:\/\/cremaweb.com.ar\/icecream\/?page_id=617"},"modified":"2025-03-07T17:55:19","modified_gmt":"2025-03-07T20:55:19","slug":"calidad","status":"publish","type":"page","link":"https:\/\/www.icecream.com.ar\/site\/calidad\/","title":{"rendered":"Calidad"},"content":{"rendered":"\t\t<div data-elementor-type=\"wp-page\" data-elementor-id=\"617\" class=\"elementor elementor-617\" data-elementor-post-type=\"page\">\n\t\t\t\t<div class=\"elementor-element elementor-element-3d4a3c7 e-con-full e-flex e-con e-parent\" data-id=\"3d4a3c7\" data-element_type=\"container\" data-settings=\"{&quot;background_background&quot;:&quot;classic&quot;}\">\n\t\t<div class=\"elementor-element elementor-element-6a82964 calidad-container e-flex e-con-boxed e-con e-child\" data-id=\"6a82964\" data-element_type=\"container\" data-settings=\"{&quot;background_background&quot;:&quot;classic&quot;}\">\n\t\t\t\t\t<div class=\"e-con-inner\">\n\t\t\t\t<div class=\"elementor-element elementor-element-c0730a7 elementor-widget elementor-widget-html\" data-id=\"c0730a7\" data-element_type=\"widget\" data-widget_type=\"html.default\">\n\t\t\t\t<div class=\"elementor-widget-container\">\n\t\t\t\t\t    <div style=\"padding: 40px 20px 0 20px; display: flex;\">\n        <span style=\"font-family: Amaranth; font-size: 75px; color: black; margin-right: 20px\">*<\/span>\n        <h2 style=\"font-family: Amaranth; font-size: 72px; color: white; line-height: 1em; font-weight: 600; overflow: hidden;\n    word-wrap: break-word;\">Calidad & Controles<\/h2>\n    <\/div>\n    <p style=\"padding: 0 30px; padding-left: 80px;font-family: Amaranth; font-size: 20px; color: white; line-height: 25px\">Contamos con un laboratorio propio que tiene un personal id\u00f3neo que acompa\u00f1a las actividades relacionadas desde la recepci\u00f3n de la materia prima hasta su distribuci\u00f3n, incluyendo adem\u00e1s evaluaci\u00f3n de proveedores, auditor\u00edas internas, servicio de atenci\u00f3n al consumidor, capacitaci\u00f3n al personal, control de procesos productivos, controles ambientales, control de aguas, procedimientos estandarizados de saneamiento, etc.<br><br>\nEl departamento de Calidad est\u00e1 involucrado en cumplir con los requisitos especificados para cada producto y para cada cliente.<br><br>\nAdem\u00e1s contamos con un sistema inform\u00e1tico para el aseguramiento de la Calidad que permite conocer la historia del producto y mantener, evaluar y\/o mejorar un proceso para lograr la eliminaci\u00f3n de las no conformidades.<\/p>\t\t\t\t<\/div>\n\t\t\t\t<\/div>\n\t\t\t\t\t<\/div>\n\t\t\t\t<\/div>\n\t\t<div class=\"elementor-element elementor-element-8b9ecff calidad-container e-flex e-con-boxed e-con e-child\" data-id=\"8b9ecff\" data-element_type=\"container\" data-settings=\"{&quot;background_background&quot;:&quot;classic&quot;}\">\n\t\t\t\t\t<div class=\"e-con-inner\">\n\t\t\t\t<div class=\"elementor-element elementor-element-152825b elementor-widget elementor-widget-html\" data-id=\"152825b\" data-element_type=\"widget\" data-widget_type=\"html.default\">\n\t\t\t\t<div class=\"elementor-widget-container\">\n\t\t\t\t\t    <div style=\"padding: 40px 20px 0 20px; display: flex;\">\n        <span style=\"font-family: Amaranth; font-size: 75px; color: black; margin-right: 20px\">*<\/span>\n        <h2 style=\"font-family: Amaranth; font-size: 72px; color: white; line-height: 1em; font-weight: 600; overflow: hidden;\n    word-wrap: break-word;\">Sistema HACCP<\/h2>\n    <\/div>\n    <p style=\"padding: 0 30px; padding-left: 80px;font-family: Amaranth; font-size: 20px; color: white; line-height: 25px\">Adoptamos en nuestra planta el Sistema de Gesti\u00f3n basado en los principios HACCP que nos permite identificar, documentar, mantener y revisar los riesgos alimenticios que ocurren durante el proceso de producci\u00f3n de nuestros helados.<\/p>\t\t\t\t<\/div>\n\t\t\t\t<\/div>\n\t\t\t\t\t<\/div>\n\t\t\t\t<\/div>\n\t\t<div class=\"elementor-element elementor-element-069b5a8 e-flex e-con-boxed e-con e-child\" data-id=\"069b5a8\" data-element_type=\"container\" data-settings=\"{&quot;background_background&quot;:&quot;classic&quot;}\">\n\t\t\t\t\t<div class=\"e-con-inner\">\n\t\t\t\t<div class=\"elementor-element elementor-element-f7c4cff elementor-widget elementor-widget-html\" data-id=\"f7c4cff\" data-element_type=\"widget\" data-widget_type=\"html.default\">\n\t\t\t\t<div class=\"elementor-widget-container\">\n\t\t\t\t\t    <div style=\"padding: 40px 20px 0 20px; display: flex;\">\n        <span style=\"font-family: Amaranth; font-size: 75px; color: black; margin-right: 20px\">*<\/span>\n        <h2 style=\"font-family: Amaranth; font-size: 72px; color: white; line-height: 1em; font-weight: 600; overflow: hidden;\n    word-wrap: break-word;\">Pol\u00edticas de calidad<\/h2>\n    <\/div>\t\t\t\t<\/div>\n\t\t\t\t<\/div>\n\t\t\t\t<div class=\"elementor-element elementor-element-d7b6961 gallery-spacing-custom elementor-widget elementor-widget-image-gallery\" data-id=\"d7b6961\" data-element_type=\"widget\" data-widget_type=\"image-gallery.default\">\n\t\t\t\t<div class=\"elementor-widget-container\">\n\t\t\t\t\t\t\t<div class=\"elementor-image-gallery\">\n\t\t\t<div id='gallery-1' class='gallery galleryid-617 gallery-columns-3 gallery-size-thumbnail'><figure class='gallery-item'>\n\t\t\t<div class='gallery-icon portrait'>\n\t\t\t\t<a data-elementor-open-lightbox=\"yes\" data-elementor-lightbox-slideshow=\"d7b6961\" data-elementor-lightbox-title=\"POL\u00cdTICA DE NO FUMADORES\" data-e-action-hash=\"#elementor-action%3Aaction%3Dlightbox%26settings%3DeyJpZCI6MTY2MiwidXJsIjoiaHR0cHM6XC9cL3d3dy5pY2VjcmVhbS5jb20uYXJcL3NpdGVcL3dwLWNvbnRlbnRcL3VwbG9hZHNcLzIwMjVcLzAzXC9Qb2xpdGljYXMtZGUtbm8tZnVtYWRvcmVzLXNjYWxlZC5qcGciLCJzbGlkZXNob3ciOiJkN2I2OTYxIn0%3D\" href='https:\/\/www.icecream.com.ar\/site\/wp-content\/uploads\/2025\/03\/Politicas-de-no-fumadores-scaled.jpg'><img decoding=\"async\" width=\"150\" height=\"150\" src=\"https:\/\/www.icecream.com.ar\/site\/wp-content\/uploads\/2025\/03\/Politicas-de-no-fumadores-150x150.jpg\" class=\"attachment-thumbnail size-thumbnail\" alt=\"\" aria-describedby=\"gallery-1-1662\" \/><\/a>\n\t\t\t<\/div>\n\t\t\t\t<figcaption class='wp-caption-text gallery-caption' id='gallery-1-1662'>\n\t\t\t\tPol\u00edtica de no fumadores\n\t\t\t\t<\/figcaption><\/figure><figure class='gallery-item'>\n\t\t\t<div class='gallery-icon portrait'>\n\t\t\t\t<a data-elementor-open-lightbox=\"yes\" data-elementor-lightbox-slideshow=\"d7b6961\" data-elementor-lightbox-title=\"POL\u00cdTICA MEDIOAMBIENTAL\" data-e-action-hash=\"#elementor-action%3Aaction%3Dlightbox%26settings%3DeyJpZCI6MTY2MywidXJsIjoiaHR0cHM6XC9cL3d3dy5pY2VjcmVhbS5jb20uYXJcL3NpdGVcL3dwLWNvbnRlbnRcL3VwbG9hZHNcLzIwMjVcLzAzXC9Qb2xpdGljYXMtTUVESU9BTUJJRU5UQUwtc2NhbGVkLmpwZyIsInNsaWRlc2hvdyI6ImQ3YjY5NjEifQ%3D%3D\" href='https:\/\/www.icecream.com.ar\/site\/wp-content\/uploads\/2025\/03\/Politicas-MEDIOAMBIENTAL-scaled.jpg'><img decoding=\"async\" width=\"150\" height=\"150\" src=\"https:\/\/www.icecream.com.ar\/site\/wp-content\/uploads\/2025\/03\/Politicas-MEDIOAMBIENTAL-150x150.jpg\" class=\"attachment-thumbnail size-thumbnail\" alt=\"\" aria-describedby=\"gallery-1-1663\" \/><\/a>\n\t\t\t<\/div>\n\t\t\t\t<figcaption class='wp-caption-text gallery-caption' id='gallery-1-1663'>\n\t\t\t\tPol\u00edtica medioambiental\n\t\t\t\t<\/figcaption><\/figure><figure class='gallery-item'>\n\t\t\t<div class='gallery-icon portrait'>\n\t\t\t\t<a data-elementor-open-lightbox=\"yes\" data-elementor-lightbox-slideshow=\"d7b6961\" data-elementor-lightbox-title=\"POL\u00cdTICA SOCIO LABORAL\" data-e-action-hash=\"#elementor-action%3Aaction%3Dlightbox%26settings%3DeyJpZCI6MTY2NCwidXJsIjoiaHR0cHM6XC9cL3d3dy5pY2VjcmVhbS5jb20uYXJcL3NpdGVcL3dwLWNvbnRlbnRcL3VwbG9hZHNcLzIwMjVcLzAzXC9Qb2xpdGljYXMtU29jaW8tbGFib3JhbC1zY2FsZWQuanBnIiwic2xpZGVzaG93IjoiZDdiNjk2MSJ9\" href='https:\/\/www.icecream.com.ar\/site\/wp-content\/uploads\/2025\/03\/Politicas-Socio-laboral-scaled.jpg'><img decoding=\"async\" width=\"150\" height=\"150\" src=\"https:\/\/www.icecream.com.ar\/site\/wp-content\/uploads\/2025\/03\/Politicas-Socio-laboral-150x150.jpg\" class=\"attachment-thumbnail size-thumbnail\" alt=\"\" aria-describedby=\"gallery-1-1664\" \/><\/a>\n\t\t\t<\/div>\n\t\t\t\t<figcaption class='wp-caption-text gallery-caption' id='gallery-1-1664'>\n\t\t\t\tPol\u00edtica socio laboral\n\t\t\t\t<\/figcaption><\/figure><figure class='gallery-item'>\n\t\t\t<div class='gallery-icon portrait'>\n\t\t\t\t<a data-elementor-open-lightbox=\"yes\" data-elementor-lightbox-slideshow=\"d7b6961\" data-elementor-lightbox-title=\"POL\u00cdTICA DE SEGURIDAD Y SALUD SOCIAL\" data-e-action-hash=\"#elementor-action%3Aaction%3Dlightbox%26settings%3DeyJpZCI6MTY2NSwidXJsIjoiaHR0cHM6XC9cL3d3dy5pY2VjcmVhbS5jb20uYXJcL3NpdGVcL3dwLWNvbnRlbnRcL3VwbG9hZHNcLzIwMjVcLzAzXC9Qb2xpdGljYXMtU0VHVVJJREFELVktU0FMVUQtU09DSUFMLXNjYWxlZC5qcGciLCJzbGlkZXNob3ciOiJkN2I2OTYxIn0%3D\" href='https:\/\/www.icecream.com.ar\/site\/wp-content\/uploads\/2025\/03\/Politicas-SEGURIDAD-Y-SALUD-SOCIAL-scaled.jpg'><img loading=\"lazy\" decoding=\"async\" width=\"150\" height=\"150\" src=\"https:\/\/www.icecream.com.ar\/site\/wp-content\/uploads\/2025\/03\/Politicas-SEGURIDAD-Y-SALUD-SOCIAL-150x150.jpg\" class=\"attachment-thumbnail size-thumbnail\" alt=\"\" aria-describedby=\"gallery-1-1665\" \/><\/a>\n\t\t\t<\/div>\n\t\t\t\t<figcaption class='wp-caption-text gallery-caption' id='gallery-1-1665'>\n\t\t\t\tPol\u00edtica de seguridad y salud social\n\t\t\t\t<\/figcaption><\/figure><figure class='gallery-item'>\n\t\t\t<div class='gallery-icon portrait'>\n\t\t\t\t<a data-elementor-open-lightbox=\"yes\" data-elementor-lightbox-slideshow=\"d7b6961\" data-elementor-lightbox-title=\"POL\u00cdTICA DE RECICLAJE\" data-e-action-hash=\"#elementor-action%3Aaction%3Dlightbox%26settings%3DeyJpZCI6MTY2NiwidXJsIjoiaHR0cHM6XC9cL3d3dy5pY2VjcmVhbS5jb20uYXJcL3NpdGVcL3dwLWNvbnRlbnRcL3VwbG9hZHNcLzIwMjVcLzAzXC9Qb2xpdGljYXMtUkVDSUNMQUpFLXNjYWxlZC5qcGciLCJzbGlkZXNob3ciOiJkN2I2OTYxIn0%3D\" href='https:\/\/www.icecream.com.ar\/site\/wp-content\/uploads\/2025\/03\/Politicas-RECICLAJE-scaled.jpg'><img loading=\"lazy\" decoding=\"async\" width=\"150\" height=\"150\" src=\"https:\/\/www.icecream.com.ar\/site\/wp-content\/uploads\/2025\/03\/Politicas-RECICLAJE-150x150.jpg\" class=\"attachment-thumbnail size-thumbnail\" alt=\"\" aria-describedby=\"gallery-1-1666\" \/><\/a>\n\t\t\t<\/div>\n\t\t\t\t<figcaption class='wp-caption-text gallery-caption' id='gallery-1-1666'>\n\t\t\t\tPol\u00edtica de reciclaje\n\t\t\t\t<\/figcaption><\/figure><figure class='gallery-item'>\n\t\t\t<div class='gallery-icon portrait'>\n\t\t\t\t<a data-elementor-open-lightbox=\"yes\" data-elementor-lightbox-slideshow=\"d7b6961\" data-elementor-lightbox-title=\"POL\u00cdTICA DE RESPONSABILIDAD SOCIAL EMPRESARIAL\" data-e-action-hash=\"#elementor-action%3Aaction%3Dlightbox%26settings%3DeyJpZCI6MTY2NywidXJsIjoiaHR0cHM6XC9cL3d3dy5pY2VjcmVhbS5jb20uYXJcL3NpdGVcL3dwLWNvbnRlbnRcL3VwbG9hZHNcLzIwMjVcLzAzXC9Qb2xpdGljYXMtUlNFLXNjYWxlZC5qcGciLCJzbGlkZXNob3ciOiJkN2I2OTYxIn0%3D\" href='https:\/\/www.icecream.com.ar\/site\/wp-content\/uploads\/2025\/03\/Politicas-RSE-scaled.jpg'><img loading=\"lazy\" decoding=\"async\" width=\"150\" height=\"150\" src=\"https:\/\/www.icecream.com.ar\/site\/wp-content\/uploads\/2025\/03\/Politicas-RSE-150x150.jpg\" class=\"attachment-thumbnail size-thumbnail\" alt=\"\" aria-describedby=\"gallery-1-1667\" \/><\/a>\n\t\t\t<\/div>\n\t\t\t\t<figcaption class='wp-caption-text gallery-caption' id='gallery-1-1667'>\n\t\t\t\tPol\u00edtica de responsabilidad social empresarial\n\t\t\t\t<\/figcaption><\/figure><figure class='gallery-item'>\n\t\t\t<div class='gallery-icon portrait'>\n\t\t\t\t<a data-elementor-open-lightbox=\"yes\" data-elementor-lightbox-slideshow=\"d7b6961\" data-elementor-lightbox-title=\"POL\u00cdTICA DE CALIDAD E INOCUIDAD\" data-e-action-hash=\"#elementor-action%3Aaction%3Dlightbox%26settings%3DeyJpZCI6MTY2OCwidXJsIjoiaHR0cHM6XC9cL3d3dy5pY2VjcmVhbS5jb20uYXJcL3NpdGVcL3dwLWNvbnRlbnRcL3VwbG9hZHNcLzIwMjVcLzAzXC9Qb2xpdGljYXMtZGUtY2FsaWRhZC1lLWlub2N1aWRhZC1zY2FsZWQuanBnIiwic2xpZGVzaG93IjoiZDdiNjk2MSJ9\" href='https:\/\/www.icecream.com.ar\/site\/wp-content\/uploads\/2025\/03\/Politicas-de-calidad-e-inocuidad-scaled.jpg'><img loading=\"lazy\" decoding=\"async\" width=\"150\" height=\"150\" src=\"https:\/\/www.icecream.com.ar\/site\/wp-content\/uploads\/2025\/03\/Politicas-de-calidad-e-inocuidad-150x150.jpg\" class=\"attachment-thumbnail size-thumbnail\" alt=\"\" aria-describedby=\"gallery-1-1668\" \/><\/a>\n\t\t\t<\/div>\n\t\t\t\t<figcaption class='wp-caption-text gallery-caption' id='gallery-1-1668'>\n\t\t\t\tPol\u00edtica de calidad e inocuidad\n\t\t\t\t<\/figcaption><\/figure><figure class='gallery-item'>\n\t\t\t<div class='gallery-icon portrait'>\n\t\t\t\t<a data-elementor-open-lightbox=\"yes\" data-elementor-lightbox-slideshow=\"d7b6961\" data-elementor-lightbox-title=\"POL\u00cdTICA DE VIDRIO\" data-e-action-hash=\"#elementor-action%3Aaction%3Dlightbox%26settings%3DeyJpZCI6MTY2OSwidXJsIjoiaHR0cHM6XC9cL3d3dy5pY2VjcmVhbS5jb20uYXJcL3NpdGVcL3dwLWNvbnRlbnRcL3VwbG9hZHNcLzIwMjVcLzAzXC9Qb2xpdGljYXMtZGUtdmlkcmlvLXNjYWxlZC5qcGciLCJzbGlkZXNob3ciOiJkN2I2OTYxIn0%3D\" href='https:\/\/www.icecream.com.ar\/site\/wp-content\/uploads\/2025\/03\/Politicas-de-vidrio-scaled.jpg'><img loading=\"lazy\" decoding=\"async\" width=\"150\" height=\"150\" src=\"https:\/\/www.icecream.com.ar\/site\/wp-content\/uploads\/2025\/03\/Politicas-de-vidrio-150x150.jpg\" class=\"attachment-thumbnail size-thumbnail\" alt=\"\" aria-describedby=\"gallery-1-1669\" \/><\/a>\n\t\t\t<\/div>\n\t\t\t\t<figcaption class='wp-caption-text gallery-caption' id='gallery-1-1669'>\n\t\t\t\tPol\u00edtica de vidrio\n\t\t\t\t<\/figcaption><\/figure>\n\t\t<\/div>\n\t\t<\/div>\n\t\t\t\t\t\t<\/div>\n\t\t\t\t<\/div>\n\t\t\t\t\t<\/div>\n\t\t\t\t<\/div>\n\t\t\t\t<\/div>\n\t\t\t\t<\/div>\n\t\t","protected":false},"excerpt":{"rendered":"<p>* Calidad &#038; Controles Contamos con un laboratorio propio que tiene un personal id\u00f3neo que acompa\u00f1a las actividades relacionadas desde la recepci\u00f3n de la materia prima hasta su distribuci\u00f3n, incluyendo adem\u00e1s evaluaci\u00f3n de proveedores, auditor\u00edas internas, servicio de atenci\u00f3n al consumidor, capacitaci\u00f3n al personal, control de procesos productivos, controles ambientales, control de aguas, procedimientos estandarizados [&hellip;]<\/p>\n","protected":false},"author":1,"featured_media":0,"parent":0,"menu_order":0,"comment_status":"closed","ping_status":"closed","template":"elementor_header_footer","meta":{"_acf_changed":false,"footnotes":""},"class_list":["post-617","page","type-page","status-publish","hentry"],"acf":[],"yoast_head":"<!-- This site is optimized with the Yoast SEO plugin v24.8.1 - https:\/\/yoast.com\/wordpress\/plugins\/seo\/ -->\n<title>Calidad - Ice Cream<\/title>\n<meta name=\"robots\" content=\"index, follow, max-snippet:-1, max-image-preview:large, max-video-preview:-1\" \/>\n<link rel=\"canonical\" href=\"https:\/\/www.icecream.com.ar\/site\/calidad\/\" \/>\n<meta property=\"og:locale\" content=\"es_ES\" \/>\n<meta property=\"og:type\" content=\"article\" \/>\n<meta property=\"og:title\" content=\"Calidad - Ice Cream\" \/>\n<meta property=\"og:description\" content=\"* Calidad &#038; Controles Contamos con un laboratorio propio que tiene un personal id\u00f3neo que acompa\u00f1a las actividades relacionadas desde la recepci\u00f3n de la materia prima hasta su distribuci\u00f3n, incluyendo adem\u00e1s evaluaci\u00f3n de proveedores, auditor\u00edas internas, servicio de atenci\u00f3n al consumidor, capacitaci\u00f3n al personal, control de procesos productivos, controles ambientales, control de aguas, procedimientos estandarizados [&hellip;]\" \/>\n<meta property=\"og:url\" content=\"https:\/\/www.icecream.com.ar\/site\/calidad\/\" \/>\n<meta property=\"og:site_name\" content=\"Ice Cream\" \/>\n<meta property=\"article:publisher\" content=\"https:\/\/www.facebook.com\/share\/Nbu3LfNYBrpoj6tc\/?mibextid=LQQJ4d\" \/>\n<meta property=\"article:modified_time\" content=\"2025-03-07T20:55:19+00:00\" \/>\n<meta property=\"og:image\" content=\"https:\/\/www.icecream.com.ar\/site\/wp-content\/uploads\/2025\/03\/Politicas-de-no-fumadores-150x150.jpg\" \/>\n<meta name=\"twitter:card\" content=\"summary_large_image\" \/>\n<meta name=\"twitter:label1\" content=\"Tiempo de lectura\" \/>\n\t<meta name=\"twitter:data1\" content=\"3 minutos\" \/>\n<script type=\"application\/ld+json\" class=\"yoast-schema-graph\">{\"@context\":\"https:\/\/schema.org\",\"@graph\":[{\"@type\":\"WebPage\",\"@id\":\"https:\/\/www.icecream.com.ar\/site\/calidad\/\",\"url\":\"https:\/\/www.icecream.com.ar\/site\/calidad\/\",\"name\":\"Calidad - Ice Cream\",\"isPartOf\":{\"@id\":\"https:\/\/www.icecream.com.ar\/site\/#website\"},\"primaryImageOfPage\":{\"@id\":\"https:\/\/www.icecream.com.ar\/site\/calidad\/#primaryimage\"},\"image\":{\"@id\":\"https:\/\/www.icecream.com.ar\/site\/calidad\/#primaryimage\"},\"thumbnailUrl\":\"https:\/\/www.icecream.com.ar\/site\/wp-content\/uploads\/2025\/03\/Politicas-de-no-fumadores-150x150.jpg\",\"datePublished\":\"2024-08-30T16:58:19+00:00\",\"dateModified\":\"2025-03-07T20:55:19+00:00\",\"breadcrumb\":{\"@id\":\"https:\/\/www.icecream.com.ar\/site\/calidad\/#breadcrumb\"},\"inLanguage\":\"es-AR\",\"potentialAction\":[{\"@type\":\"ReadAction\",\"target\":[\"https:\/\/www.icecream.com.ar\/site\/calidad\/\"]}]},{\"@type\":\"ImageObject\",\"inLanguage\":\"es-AR\",\"@id\":\"https:\/\/www.icecream.com.ar\/site\/calidad\/#primaryimage\",\"url\":\"https:\/\/www.icecream.com.ar\/site\/wp-content\/uploads\/2025\/03\/Politicas-de-no-fumadores-scaled.jpg\",\"contentUrl\":\"https:\/\/www.icecream.com.ar\/site\/wp-content\/uploads\/2025\/03\/Politicas-de-no-fumadores-scaled.jpg\",\"width\":2226,\"height\":2560,\"caption\":\"Pol\u00edtica de no fumadores\"},{\"@type\":\"BreadcrumbList\",\"@id\":\"https:\/\/www.icecream.com.ar\/site\/calidad\/#breadcrumb\",\"itemListElement\":[{\"@type\":\"ListItem\",\"position\":1,\"name\":\"Inicio\",\"item\":\"https:\/\/www.icecream.com.ar\/site\/\"},{\"@type\":\"ListItem\",\"position\":2,\"name\":\"Calidad\"}]},{\"@type\":\"WebSite\",\"@id\":\"https:\/\/www.icecream.com.ar\/site\/#website\",\"url\":\"https:\/\/www.icecream.com.ar\/site\/\",\"name\":\"Ice Cream\",\"description\":\"Fabricamos y comercializamos cremas heladas\",\"publisher\":{\"@id\":\"https:\/\/www.icecream.com.ar\/site\/#organization\"},\"potentialAction\":[{\"@type\":\"SearchAction\",\"target\":{\"@type\":\"EntryPoint\",\"urlTemplate\":\"https:\/\/www.icecream.com.ar\/site\/?s={search_term_string}\"},\"query-input\":{\"@type\":\"PropertyValueSpecification\",\"valueRequired\":true,\"valueName\":\"search_term_string\"}}],\"inLanguage\":\"es-AR\"},{\"@type\":\"Organization\",\"@id\":\"https:\/\/www.icecream.com.ar\/site\/#organization\",\"name\":\"Ice Cream\",\"url\":\"https:\/\/www.icecream.com.ar\/site\/\",\"logo\":{\"@type\":\"ImageObject\",\"inLanguage\":\"es-AR\",\"@id\":\"https:\/\/www.icecream.com.ar\/site\/#\/schema\/logo\/image\/\",\"url\":\"https:\/\/www.icecream.com.ar\/site\/wp-content\/uploads\/2024\/07\/cropped-ice-cream.png\",\"contentUrl\":\"https:\/\/www.icecream.com.ar\/site\/wp-content\/uploads\/2024\/07\/cropped-ice-cream.png\",\"width\":77,\"height\":69,\"caption\":\"Ice Cream\"},\"image\":{\"@id\":\"https:\/\/www.icecream.com.ar\/site\/#\/schema\/logo\/image\/\"},\"sameAs\":[\"https:\/\/www.facebook.com\/share\/Nbu3LfNYBrpoj6tc\/?mibextid=LQQJ4d\"]}]}<\/script>\n<!-- \/ Yoast SEO plugin. -->","yoast_head_json":{"title":"Calidad - Ice Cream","robots":{"index":"index","follow":"follow","max-snippet":"max-snippet:-1","max-image-preview":"max-image-preview:large","max-video-preview":"max-video-preview:-1"},"canonical":"https:\/\/www.icecream.com.ar\/site\/calidad\/","og_locale":"es_ES","og_type":"article","og_title":"Calidad - Ice Cream","og_description":"* Calidad &#038; Controles Contamos con un laboratorio propio que tiene un personal id\u00f3neo que acompa\u00f1a las actividades relacionadas desde la recepci\u00f3n de la materia prima hasta su distribuci\u00f3n, incluyendo adem\u00e1s evaluaci\u00f3n de proveedores, auditor\u00edas internas, servicio de atenci\u00f3n al consumidor, capacitaci\u00f3n al personal, control de procesos productivos, controles ambientales, control de aguas, procedimientos estandarizados [&hellip;]","og_url":"https:\/\/www.icecream.com.ar\/site\/calidad\/","og_site_name":"Ice Cream","article_publisher":"https:\/\/www.facebook.com\/share\/Nbu3LfNYBrpoj6tc\/?mibextid=LQQJ4d","article_modified_time":"2025-03-07T20:55:19+00:00","og_image":[{"url":"https:\/\/www.icecream.com.ar\/site\/wp-content\/uploads\/2025\/03\/Politicas-de-no-fumadores-150x150.jpg","type":"","width":"","height":""}],"twitter_card":"summary_large_image","twitter_misc":{"Tiempo de lectura":"3 minutos"},"schema":{"@context":"https:\/\/schema.org","@graph":[{"@type":"WebPage","@id":"https:\/\/www.icecream.com.ar\/site\/calidad\/","url":"https:\/\/www.icecream.com.ar\/site\/calidad\/","name":"Calidad - Ice Cream","isPartOf":{"@id":"https:\/\/www.icecream.com.ar\/site\/#website"},"primaryImageOfPage":{"@id":"https:\/\/www.icecream.com.ar\/site\/calidad\/#primaryimage"},"image":{"@id":"https:\/\/www.icecream.com.ar\/site\/calidad\/#primaryimage"},"thumbnailUrl":"https:\/\/www.icecream.com.ar\/site\/wp-content\/uploads\/2025\/03\/Politicas-de-no-fumadores-150x150.jpg","datePublished":"2024-08-30T16:58:19+00:00","dateModified":"2025-03-07T20:55:19+00:00","breadcrumb":{"@id":"https:\/\/www.icecream.com.ar\/site\/calidad\/#breadcrumb"},"inLanguage":"es-AR","potentialAction":[{"@type":"ReadAction","target":["https:\/\/www.icecream.com.ar\/site\/calidad\/"]}]},{"@type":"ImageObject","inLanguage":"es-AR","@id":"https:\/\/www.icecream.com.ar\/site\/calidad\/#primaryimage","url":"https:\/\/www.icecream.com.ar\/site\/wp-content\/uploads\/2025\/03\/Politicas-de-no-fumadores-scaled.jpg","contentUrl":"https:\/\/www.icecream.com.ar\/site\/wp-content\/uploads\/2025\/03\/Politicas-de-no-fumadores-scaled.jpg","width":2226,"height":2560,"caption":"Pol\u00edtica de no fumadores"},{"@type":"BreadcrumbList","@id":"https:\/\/www.icecream.com.ar\/site\/calidad\/#breadcrumb","itemListElement":[{"@type":"ListItem","position":1,"name":"Inicio","item":"https:\/\/www.icecream.com.ar\/site\/"},{"@type":"ListItem","position":2,"name":"Calidad"}]},{"@type":"WebSite","@id":"https:\/\/www.icecream.com.ar\/site\/#website","url":"https:\/\/www.icecream.com.ar\/site\/","name":"Ice Cream","description":"Fabricamos y comercializamos cremas heladas","publisher":{"@id":"https:\/\/www.icecream.com.ar\/site\/#organization"},"potentialAction":[{"@type":"SearchAction","target":{"@type":"EntryPoint","urlTemplate":"https:\/\/www.icecream.com.ar\/site\/?s={search_term_string}"},"query-input":{"@type":"PropertyValueSpecification","valueRequired":true,"valueName":"search_term_string"}}],"inLanguage":"es-AR"},{"@type":"Organization","@id":"https:\/\/www.icecream.com.ar\/site\/#organization","name":"Ice Cream","url":"https:\/\/www.icecream.com.ar\/site\/","logo":{"@type":"ImageObject","inLanguage":"es-AR","@id":"https:\/\/www.icecream.com.ar\/site\/#\/schema\/logo\/image\/","url":"https:\/\/www.icecream.com.ar\/site\/wp-content\/uploads\/2024\/07\/cropped-ice-cream.png","contentUrl":"https:\/\/www.icecream.com.ar\/site\/wp-content\/uploads\/2024\/07\/cropped-ice-cream.png","width":77,"height":69,"caption":"Ice Cream"},"image":{"@id":"https:\/\/www.icecream.com.ar\/site\/#\/schema\/logo\/image\/"},"sameAs":["https:\/\/www.facebook.com\/share\/Nbu3LfNYBrpoj6tc\/?mibextid=LQQJ4d"]}]}},"_links":{"self":[{"href":"https:\/\/www.icecream.com.ar\/site\/wp-json\/wp\/v2\/pages\/617","targetHints":{"allow":["GET"]}}],"collection":[{"href":"https:\/\/www.icecream.com.ar\/site\/wp-json\/wp\/v2\/pages"}],"about":[{"href":"https:\/\/www.icecream.com.ar\/site\/wp-json\/wp\/v2\/types\/page"}],"author":[{"embeddable":true,"href":"https:\/\/www.icecream.com.ar\/site\/wp-json\/wp\/v2\/users\/1"}],"replies":[{"embeddable":true,"href":"https:\/\/www.icecream.com.ar\/site\/wp-json\/wp\/v2\/comments?post=617"}],"version-history":[{"count":37,"href":"https:\/\/www.icecream.com.ar\/site\/wp-json\/wp\/v2\/pages\/617\/revisions"}],"predecessor-version":[{"id":1672,"href":"https:\/\/www.icecream.com.ar\/site\/wp-json\/wp\/v2\/pages\/617\/revisions\/1672"}],"wp:attachment":[{"href":"https:\/\/www.icecream.com.ar\/site\/wp-json\/wp\/v2\/media?parent=617"}],"curies":[{"name":"wp","href":"https:\/\/api.w.org\/{rel}","templated":true}]}}