{"id":70,"date":"2024-08-01T13:42:55","date_gmt":"2024-08-01T16:42:55","guid":{"rendered":"https:\/\/cremaweb.com.ar\/icecream\/?page_id=70"},"modified":"2024-09-16T16:09:05","modified_gmt":"2024-09-16T19:09:05","slug":"linea-diet","status":"publish","type":"page","link":"https:\/\/www.icecream.com.ar\/site\/linea-diet\/","title":{"rendered":"Linea Diet"},"content":{"rendered":"\t\t<div data-elementor-type=\"wp-page\" data-elementor-id=\"70\" class=\"elementor elementor-70\" data-elementor-post-type=\"page\">\n\t\t\t\t<div class=\"elementor-element elementor-element-affb309 e-grid e-con-boxed e-con e-parent\" data-id=\"affb309\" data-element_type=\"container\" data-settings=\"{&quot;background_background&quot;:&quot;classic&quot;}\">\n\t\t\t\t\t<div class=\"e-con-inner\">\n\t\t\t\t<div class=\"elementor-element elementor-element-f22555f elementor-widget elementor-widget-image\" data-id=\"f22555f\" data-element_type=\"widget\" data-widget_type=\"image.default\">\n\t\t\t\t<div class=\"elementor-widget-container\">\n\t\t\t\t\t\t\t\t\t\t\t\t\t\t\t<img fetchpriority=\"high\" decoding=\"async\" width=\"740\" height=\"914\" src=\"https:\/\/www.icecream.com.ar\/site\/wp-content\/uploads\/2024\/08\/banner-3-diet-1.png\" class=\"attachment-large size-large wp-image-461\" alt=\"\" srcset=\"https:\/\/www.icecream.com.ar\/site\/wp-content\/uploads\/2024\/08\/banner-3-diet-1.png 740w, https:\/\/www.icecream.com.ar\/site\/wp-content\/uploads\/2024\/08\/banner-3-diet-1-243x300.png 243w\" sizes=\"(max-width: 740px) 100vw, 740px\" \/>\t\t\t\t\t\t\t\t\t\t\t\t\t\t\t<\/div>\n\t\t\t\t<\/div>\n\t\t\t\t<div class=\"elementor-element elementor-element-d338af1 elementor-widget elementor-widget-image\" data-id=\"d338af1\" data-element_type=\"widget\" data-widget_type=\"image.default\">\n\t\t\t\t<div class=\"elementor-widget-container\">\n\t\t\t\t\t\t\t\t\t\t\t\t\t\t\t<img decoding=\"async\" width=\"552\" height=\"914\" src=\"https:\/\/www.icecream.com.ar\/site\/wp-content\/uploads\/2024\/08\/banner-2-diet-1.png\" class=\"attachment-large size-large wp-image-460\" alt=\"\" srcset=\"https:\/\/www.icecream.com.ar\/site\/wp-content\/uploads\/2024\/08\/banner-2-diet-1.png 552w, https:\/\/www.icecream.com.ar\/site\/wp-content\/uploads\/2024\/08\/banner-2-diet-1-181x300.png 181w\" sizes=\"(max-width: 552px) 100vw, 552px\" \/>\t\t\t\t\t\t\t\t\t\t\t\t\t\t\t<\/div>\n\t\t\t\t<\/div>\n\t\t\t\t\t<\/div>\n\t\t\t\t<\/div>\n\t\t<div class=\"elementor-element elementor-element-6052b4f e-flex e-con-boxed e-con e-parent\" data-id=\"6052b4f\" data-element_type=\"container\">\n\t\t\t\t\t<div class=\"e-con-inner\">\n\t\t\t\t<div class=\"elementor-element elementor-element-30b852d elementor-widget elementor-widget-shortcode\" data-id=\"30b852d\" data-element_type=\"widget\" data-widget_type=\"shortcode.default\">\n\t\t\t\t<div class=\"elementor-widget-container\">\n\t\t\t\t\t\t\t<div class=\"elementor-shortcode\"><div class=\"product-grid\"><div class=\"product-item\" style=\"border-right: 3px solid #b2be2c; border-bottom: 3px solid #b2be2c\"><img decoding=\"async\" src=\"https:\/\/www.icecream.com.ar\/site\/wp-content\/uploads\/2024\/08\/2.honey-moon.png\"><div class=\"icons-container\"><img decoding=\"async\" src=\"https:\/\/www.icecream.com.ar\/site\/wp-content\/uploads\/2024\/08\/sin_gluten_legal-01.png\" class=\"sin-gluten-icon\"><\/div><div class=\"info-container\" style=\"background-color:#b2be2c\"><div class=\"info-content\"><div class=\"info-image\"><div class=\"image-carousel\"><div class=\"carousel-item active\"><img decoding=\"async\" src=\"https:\/\/www.icecream.com.ar\/site\/wp-content\/uploads\/2024\/08\/2.placa-honey-moon.png\"><\/div><\/div><\/div><div class=\"info-text\"><h3 style=\"color: #000000\">PALITO HONEYMOON Frutilla-Americana<\/h3><div class=\"info-text-inner\"><div style=\"color:#000000!important\"><p>Helado de agua diet\u00e9tico sabor a frutilla y americana reducido en calor\u00edas y bajo valor gluc\u00eddico libre de gluten.<\/p>\n<\/div><div style=\"color:#000000!important\"><p>Unidades por caja: 24<br \/>\nPeso Neto: 86 cc-55 g.<\/p>\n<\/div><\/div><\/div><\/div><\/div><\/div><div class=\"product-item\" style=\"border-right: 3px solid #b2be2c; border-bottom: 3px solid #b2be2c\"><img decoding=\"async\" src=\"https:\/\/www.icecream.com.ar\/site\/wp-content\/uploads\/2024\/08\/1.HELADO-DIET.png\"><div class=\"icons-container\"><img decoding=\"async\" src=\"https:\/\/www.icecream.com.ar\/site\/wp-content\/uploads\/2024\/08\/sin_gluten_legal-01.png\" class=\"sin-gluten-icon\"><\/div><div class=\"info-container\" style=\"background-color:#b2be2c\"><div class=\"info-content\"><div class=\"info-image\"><div class=\"image-carousel\"><div class=\"carousel-item active\"><img decoding=\"async\" src=\"https:\/\/www.icecream.com.ar\/site\/wp-content\/uploads\/2024\/08\/1.placa-heado-diet.png\"><\/div><\/div><\/div><div class=\"info-text\"><h3 style=\"color: #000000\">POTE DIET sabor Americana-Frutilla<\/h3><div class=\"info-text-inner\"><div style=\"color:#000000!important\"><p>Helado de agua diet\u00e9tico sabor a frutilla y americana reducido en calor\u00edas y bajo valor gluc\u00eddico libre de gluten.<\/p>\n<\/div><div style=\"color:#000000!important\"><p>Unidades por caja: 12<br \/>\nPeso Neto: 1L-500 g.<\/p>\n<\/div><\/div><\/div><\/div><\/div><\/div><\/div><script>\n        document.querySelectorAll(\".product-item\").forEach(item => {\n            const bullets = item.querySelectorAll(\".carousel-bullet\");\n            const images = item.querySelectorAll(\".carousel-item\");\n        \n            bullets.forEach((bullet, index) => {\n                bullet.addEventListener(\"click\", () => {\n                    images.forEach((img, i) => {\n                        img.classList.toggle(\"active\", i === index);\n                    });\n                    bullets.forEach(b => b.classList.remove(\"active\"));\n                    bullet.classList.add(\"active\");\n                });\n            });\n        });\n    <\/script><\/div>\n\t\t\t\t\t\t<\/div>\n\t\t\t\t<\/div>\n\t\t\t\t\t<\/div>\n\t\t\t\t<\/div>\n\t\t\t\t<\/div>\n\t\t","protected":false},"excerpt":{"rendered":"","protected":false},"author":1,"featured_media":0,"parent":0,"menu_order":0,"comment_status":"closed","ping_status":"closed","template":"elementor_header_footer","meta":{"_acf_changed":false,"footnotes":""},"class_list":["post-70","page","type-page","status-publish","hentry"],"acf":[],"yoast_head":"<!-- This site is optimized with the Yoast SEO plugin v24.8.1 - https:\/\/yoast.com\/wordpress\/plugins\/seo\/ -->\n<title>Linea Diet - Ice Cream<\/title>\n<meta name=\"robots\" content=\"index, follow, max-snippet:-1, max-image-preview:large, max-video-preview:-1\" \/>\n<link rel=\"canonical\" href=\"https:\/\/www.icecream.com.ar\/site\/linea-diet\/\" \/>\n<meta property=\"og:locale\" content=\"es_ES\" \/>\n<meta property=\"og:type\" content=\"article\" \/>\n<meta property=\"og:title\" content=\"Linea Diet - Ice Cream\" \/>\n<meta property=\"og:url\" content=\"https:\/\/www.icecream.com.ar\/site\/linea-diet\/\" \/>\n<meta property=\"og:site_name\" content=\"Ice Cream\" \/>\n<meta property=\"article:publisher\" content=\"https:\/\/www.facebook.com\/share\/Nbu3LfNYBrpoj6tc\/?mibextid=LQQJ4d\" \/>\n<meta property=\"article:modified_time\" content=\"2024-09-16T19:09:05+00:00\" \/>\n<meta property=\"og:image\" content=\"https:\/\/cremaweb.com.ar\/icecream\/wp-content\/uploads\/2024\/08\/banner-3-diet-1.png\" \/>\n<meta name=\"twitter:card\" content=\"summary_large_image\" \/>\n<script type=\"application\/ld+json\" class=\"yoast-schema-graph\">{\"@context\":\"https:\/\/schema.org\",\"@graph\":[{\"@type\":\"WebPage\",\"@id\":\"https:\/\/www.icecream.com.ar\/site\/linea-diet\/\",\"url\":\"https:\/\/www.icecream.com.ar\/site\/linea-diet\/\",\"name\":\"Linea Diet - Ice Cream\",\"isPartOf\":{\"@id\":\"https:\/\/www.icecream.com.ar\/site\/#website\"},\"primaryImageOfPage\":{\"@id\":\"https:\/\/www.icecream.com.ar\/site\/linea-diet\/#primaryimage\"},\"image\":{\"@id\":\"https:\/\/www.icecream.com.ar\/site\/linea-diet\/#primaryimage\"},\"thumbnailUrl\":\"https:\/\/cremaweb.com.ar\/icecream\/wp-content\/uploads\/2024\/08\/banner-3-diet-1.png\",\"datePublished\":\"2024-08-01T16:42:55+00:00\",\"dateModified\":\"2024-09-16T19:09:05+00:00\",\"breadcrumb\":{\"@id\":\"https:\/\/www.icecream.com.ar\/site\/linea-diet\/#breadcrumb\"},\"inLanguage\":\"es-AR\",\"potentialAction\":[{\"@type\":\"ReadAction\",\"target\":[\"https:\/\/www.icecream.com.ar\/site\/linea-diet\/\"]}]},{\"@type\":\"ImageObject\",\"inLanguage\":\"es-AR\",\"@id\":\"https:\/\/www.icecream.com.ar\/site\/linea-diet\/#primaryimage\",\"url\":\"https:\/\/cremaweb.com.ar\/icecream\/wp-content\/uploads\/2024\/08\/banner-3-diet-1.png\",\"contentUrl\":\"https:\/\/cremaweb.com.ar\/icecream\/wp-content\/uploads\/2024\/08\/banner-3-diet-1.png\"},{\"@type\":\"BreadcrumbList\",\"@id\":\"https:\/\/www.icecream.com.ar\/site\/linea-diet\/#breadcrumb\",\"itemListElement\":[{\"@type\":\"ListItem\",\"position\":1,\"name\":\"Inicio\",\"item\":\"https:\/\/www.icecream.com.ar\/site\/\"},{\"@type\":\"ListItem\",\"position\":2,\"name\":\"Linea Diet\"}]},{\"@type\":\"WebSite\",\"@id\":\"https:\/\/www.icecream.com.ar\/site\/#website\",\"url\":\"https:\/\/www.icecream.com.ar\/site\/\",\"name\":\"Ice Cream\",\"description\":\"Fabricamos y comercializamos cremas heladas\",\"publisher\":{\"@id\":\"https:\/\/www.icecream.com.ar\/site\/#organization\"},\"potentialAction\":[{\"@type\":\"SearchAction\",\"target\":{\"@type\":\"EntryPoint\",\"urlTemplate\":\"https:\/\/www.icecream.com.ar\/site\/?s={search_term_string}\"},\"query-input\":{\"@type\":\"PropertyValueSpecification\",\"valueRequired\":true,\"valueName\":\"search_term_string\"}}],\"inLanguage\":\"es-AR\"},{\"@type\":\"Organization\",\"@id\":\"https:\/\/www.icecream.com.ar\/site\/#organization\",\"name\":\"Ice Cream\",\"url\":\"https:\/\/www.icecream.com.ar\/site\/\",\"logo\":{\"@type\":\"ImageObject\",\"inLanguage\":\"es-AR\",\"@id\":\"https:\/\/www.icecream.com.ar\/site\/#\/schema\/logo\/image\/\",\"url\":\"https:\/\/www.icecream.com.ar\/site\/wp-content\/uploads\/2024\/07\/cropped-ice-cream.png\",\"contentUrl\":\"https:\/\/www.icecream.com.ar\/site\/wp-content\/uploads\/2024\/07\/cropped-ice-cream.png\",\"width\":77,\"height\":69,\"caption\":\"Ice Cream\"},\"image\":{\"@id\":\"https:\/\/www.icecream.com.ar\/site\/#\/schema\/logo\/image\/\"},\"sameAs\":[\"https:\/\/www.facebook.com\/share\/Nbu3LfNYBrpoj6tc\/?mibextid=LQQJ4d\"]}]}<\/script>\n<!-- \/ Yoast SEO plugin. -->","yoast_head_json":{"title":"Linea Diet - Ice Cream","robots":{"index":"index","follow":"follow","max-snippet":"max-snippet:-1","max-image-preview":"max-image-preview:large","max-video-preview":"max-video-preview:-1"},"canonical":"https:\/\/www.icecream.com.ar\/site\/linea-diet\/","og_locale":"es_ES","og_type":"article","og_title":"Linea Diet - Ice Cream","og_url":"https:\/\/www.icecream.com.ar\/site\/linea-diet\/","og_site_name":"Ice Cream","article_publisher":"https:\/\/www.facebook.com\/share\/Nbu3LfNYBrpoj6tc\/?mibextid=LQQJ4d","article_modified_time":"2024-09-16T19:09:05+00:00","og_image":[{"url":"https:\/\/cremaweb.com.ar\/icecream\/wp-content\/uploads\/2024\/08\/banner-3-diet-1.png","type":"","width":"","height":""}],"twitter_card":"summary_large_image","schema":{"@context":"https:\/\/schema.org","@graph":[{"@type":"WebPage","@id":"https:\/\/www.icecream.com.ar\/site\/linea-diet\/","url":"https:\/\/www.icecream.com.ar\/site\/linea-diet\/","name":"Linea Diet - Ice Cream","isPartOf":{"@id":"https:\/\/www.icecream.com.ar\/site\/#website"},"primaryImageOfPage":{"@id":"https:\/\/www.icecream.com.ar\/site\/linea-diet\/#primaryimage"},"image":{"@id":"https:\/\/www.icecream.com.ar\/site\/linea-diet\/#primaryimage"},"thumbnailUrl":"https:\/\/cremaweb.com.ar\/icecream\/wp-content\/uploads\/2024\/08\/banner-3-diet-1.png","datePublished":"2024-08-01T16:42:55+00:00","dateModified":"2024-09-16T19:09:05+00:00","breadcrumb":{"@id":"https:\/\/www.icecream.com.ar\/site\/linea-diet\/#breadcrumb"},"inLanguage":"es-AR","potentialAction":[{"@type":"ReadAction","target":["https:\/\/www.icecream.com.ar\/site\/linea-diet\/"]}]},{"@type":"ImageObject","inLanguage":"es-AR","@id":"https:\/\/www.icecream.com.ar\/site\/linea-diet\/#primaryimage","url":"https:\/\/cremaweb.com.ar\/icecream\/wp-content\/uploads\/2024\/08\/banner-3-diet-1.png","contentUrl":"https:\/\/cremaweb.com.ar\/icecream\/wp-content\/uploads\/2024\/08\/banner-3-diet-1.png"},{"@type":"BreadcrumbList","@id":"https:\/\/www.icecream.com.ar\/site\/linea-diet\/#breadcrumb","itemListElement":[{"@type":"ListItem","position":1,"name":"Inicio","item":"https:\/\/www.icecream.com.ar\/site\/"},{"@type":"ListItem","position":2,"name":"Linea Diet"}]},{"@type":"WebSite","@id":"https:\/\/www.icecream.com.ar\/site\/#website","url":"https:\/\/www.icecream.com.ar\/site\/","name":"Ice Cream","description":"Fabricamos y comercializamos cremas heladas","publisher":{"@id":"https:\/\/www.icecream.com.ar\/site\/#organization"},"potentialAction":[{"@type":"SearchAction","target":{"@type":"EntryPoint","urlTemplate":"https:\/\/www.icecream.com.ar\/site\/?s={search_term_string}"},"query-input":{"@type":"PropertyValueSpecification","valueRequired":true,"valueName":"search_term_string"}}],"inLanguage":"es-AR"},{"@type":"Organization","@id":"https:\/\/www.icecream.com.ar\/site\/#organization","name":"Ice Cream","url":"https:\/\/www.icecream.com.ar\/site\/","logo":{"@type":"ImageObject","inLanguage":"es-AR","@id":"https:\/\/www.icecream.com.ar\/site\/#\/schema\/logo\/image\/","url":"https:\/\/www.icecream.com.ar\/site\/wp-content\/uploads\/2024\/07\/cropped-ice-cream.png","contentUrl":"https:\/\/www.icecream.com.ar\/site\/wp-content\/uploads\/2024\/07\/cropped-ice-cream.png","width":77,"height":69,"caption":"Ice Cream"},"image":{"@id":"https:\/\/www.icecream.com.ar\/site\/#\/schema\/logo\/image\/"},"sameAs":["https:\/\/www.facebook.com\/share\/Nbu3LfNYBrpoj6tc\/?mibextid=LQQJ4d"]}]}},"_links":{"self":[{"href":"https:\/\/www.icecream.com.ar\/site\/wp-json\/wp\/v2\/pages\/70","targetHints":{"allow":["GET"]}}],"collection":[{"href":"https:\/\/www.icecream.com.ar\/site\/wp-json\/wp\/v2\/pages"}],"about":[{"href":"https:\/\/www.icecream.com.ar\/site\/wp-json\/wp\/v2\/types\/page"}],"author":[{"embeddable":true,"href":"https:\/\/www.icecream.com.ar\/site\/wp-json\/wp\/v2\/users\/1"}],"replies":[{"embeddable":true,"href":"https:\/\/www.icecream.com.ar\/site\/wp-json\/wp\/v2\/comments?post=70"}],"version-history":[{"count":40,"href":"https:\/\/www.icecream.com.ar\/site\/wp-json\/wp\/v2\/pages\/70\/revisions"}],"predecessor-version":[{"id":1165,"href":"https:\/\/www.icecream.com.ar\/site\/wp-json\/wp\/v2\/pages\/70\/revisions\/1165"}],"wp:attachment":[{"href":"https:\/\/www.icecream.com.ar\/site\/wp-json\/wp\/v2\/media?parent=70"}],"curies":[{"name":"wp","href":"https:\/\/api.w.org\/{rel}","templated":true}]}}